{"id":207,"date":"2025-12-12T10:47:30","date_gmt":"2025-12-12T10:47:30","guid":{"rendered":"http:\/\/massageme.fr\/?page_id=207"},"modified":"2026-01-26T11:18:21","modified_gmt":"2026-01-26T11:18:21","slug":"californien","status":"publish","type":"page","link":"https:\/\/massageme.fr\/index.php\/californien\/","title":{"rendered":"Massage Californien"},"content":{"rendered":"\t\t<div data-elementor-type=\"wp-page\" data-elementor-id=\"207\" class=\"elementor elementor-207\">\n\t\t\t\t<div class=\"elementor-element elementor-element-beeacd9 e-flex e-con-boxed e-con e-parent\" data-id=\"beeacd9\" data-element_type=\"container\">\n\t\t\t\t\t<div class=\"e-con-inner\">\n\t\t\t\t<div class=\"elementor-element elementor-element-5ca7c11 elementor-widget elementor-widget-heading\" data-id=\"5ca7c11\" data-element_type=\"widget\" data-widget_type=\"heading.default\">\n\t\t\t\t\t<h2 class=\"elementor-heading-title elementor-size-default\">Massage Californien<\/h2>\t\t\t\t<\/div>\n\t\t\t\t\t<\/div>\n\t\t\t\t<\/div>\n\t\t<div class=\"elementor-element elementor-element-2854352 e-flex e-con-boxed e-con e-parent\" data-id=\"2854352\" data-element_type=\"container\">\n\t\t\t\t\t<div class=\"e-con-inner\">\n\t\t\t\t<div class=\"elementor-element elementor-element-2a5fe51 elementor-widget elementor-widget-image\" data-id=\"2a5fe51\" data-element_type=\"widget\" data-widget_type=\"image.default\">\n\t\t\t\t\t\t\t\t\t\t\t\t\t\t\t<img fetchpriority=\"high\" decoding=\"async\" width=\"556\" height=\"416\" src=\"https:\/\/massageme.fr\/wp-content\/uploads\/2025\/12\/cali.jpg\" class=\"attachment-large size-large wp-image-117\" alt=\"\" srcset=\"https:\/\/massageme.fr\/wp-content\/uploads\/2025\/12\/cali.jpg 556w, https:\/\/massageme.fr\/wp-content\/uploads\/2025\/12\/cali-300x224.jpg 300w\" sizes=\"(max-width: 556px) 100vw, 556px\" \/>\t\t\t\t\t\t\t\t\t\t\t\t\t\t\t<\/div>\n\t\t\t\t\t<\/div>\n\t\t\t\t<\/div>\n\t\t<div class=\"elementor-element elementor-element-25a0f4f e-flex e-con-boxed e-con e-parent\" data-id=\"25a0f4f\" data-element_type=\"container\">\n\t\t\t\t\t<div class=\"e-con-inner\">\n\t\t\t\t<div class=\"elementor-element elementor-element-cd4da45 elementor-widget elementor-widget-heading\" data-id=\"cd4da45\" data-element_type=\"widget\" data-widget_type=\"heading.default\">\n\t\t\t\t\t<h2 class=\"elementor-heading-title elementor-size-default\">Introduction<\/h2>\t\t\t\t<\/div>\n\t\t\t\t\t<\/div>\n\t\t\t\t<\/div>\n\t\t<div class=\"elementor-element elementor-element-0cfca91 e-flex e-con-boxed e-con e-parent\" data-id=\"0cfca91\" data-element_type=\"container\">\n\t\t\t\t\t<div class=\"e-con-inner\">\n\t\t\t\t<div class=\"elementor-element elementor-element-11fdc7f elementor-widget elementor-widget-text-editor\" data-id=\"11fdc7f\" data-element_type=\"widget\" data-widget_type=\"text-editor.default\">\n\t\t\t\t\t\t\t\t\t<p>Le massage californien fait partie des techniques le plus souvent appliqu\u00e9es en France. Il se pratique allong\u00e9 sur la table de massage. Il d\u00e9tend le corps et l&rsquo;esprit en utilisant des mouvements enveloppants et fluides, \u00e0 l\u2019aide d\u2019huiles naturelles d\u00e9licatement appliqu\u00e9es avec les deux mains sur le corps. L\u2019effort du masseur se concentre sur les n\u0153uds de tension du corps du client, qui sont les r\u00e9cepteurs et sympt\u00f4mes psychosomatiques du stress que sa vie de tous les jours lui impose. A l\u2019issue de la session de massage californien, le client se sent apais\u00e9, d\u00e9tendu, r\u00e9g\u00e9n\u00e9r\u00e9 avec un grand ressenti de bien-\u00eatre, pendant le massage, la personne s&rsquo;\u00e9vade compl\u00e8tement, elle l\u00e2che prise sur la vie de tous les jours&#8230;<\/p>\t\t\t\t\t\t\t\t<\/div>\n\t\t\t\t<div class=\"elementor-element elementor-element-ef2a879 elementor-widget elementor-widget-heading\" data-id=\"ef2a879\" data-element_type=\"widget\" data-widget_type=\"heading.default\">\n\t\t\t\t\t<h2 class=\"elementor-heading-title elementor-size-default\"> Les origines du massage californien<\/h2>\t\t\t\t<\/div>\n\t\t\t\t<div class=\"elementor-element elementor-element-46893c7 elementor-widget elementor-widget-text-editor\" data-id=\"46893c7\" data-element_type=\"widget\" data-widget_type=\"text-editor.default\">\n\t\t\t\t\t\t\t\t\t<p>Le massage californien, dont le surnom est le \u00ab\u00a0toucher du c\u0153ur\u00a0\u00bb, tire bon nombre de ses caract\u00e9ristiques du massage ayurv\u00e9dique bien qu&rsquo;il soit originaire de Californie comme son nom l&rsquo;indique. Il a fait sont apparition en Europe \u00e0 la fin des ann\u00e9es 70<\/p>\t\t\t\t\t\t\t\t<\/div>\n\t\t\t\t\t<\/div>\n\t\t\t\t<\/div>\n\t\t<div class=\"elementor-element elementor-element-962b765 e-flex e-con-boxed e-con e-parent\" data-id=\"962b765\" data-element_type=\"container\">\n\t\t\t\t\t<div class=\"e-con-inner\">\n\t\t\t\t<div class=\"elementor-element elementor-element-5cdee0a elementor-widget elementor-widget-heading\" data-id=\"5cdee0a\" data-element_type=\"widget\" data-widget_type=\"heading.default\">\n\t\t\t\t\t<h2 class=\"elementor-heading-title elementor-size-default\">Le d\u00e9roulement du massage californien<\/h2>\t\t\t\t<\/div>\n\t\t\t\t\t<\/div>\n\t\t\t\t<\/div>\n\t\t<div class=\"elementor-element elementor-element-5904392 e-flex e-con-boxed e-con e-parent\" data-id=\"5904392\" data-element_type=\"container\">\n\t\t\t\t\t<div class=\"e-con-inner\">\n\t\t\t\t<div class=\"elementor-element elementor-element-cc00af9 elementor-widget elementor-widget-text-editor\" data-id=\"cc00af9\" data-element_type=\"widget\" data-widget_type=\"text-editor.default\">\n\t\t\t\t\t\t\t\t\t<p>Un massage californien se d\u00e9roule souvent en plusieurs \u00e9tapes:<\/p><ul><li>Le praticien vous pose des questions sp\u00e9cifiques sur vos besoins, vos pathologies, vos attentes afin d&rsquo;adapter le protocole,<\/li><li>Vous vous installez ensuite sur la table de massage,\u00a0<\/li><li>Le masseur choisit avec vous une huile pour vous masser,<\/li><li>Le massage commence par des mouvements tr\u00e8s lents, enveloppants afin de permettre au client de se relaxer. Le massage californien utilise une vari\u00e9t\u00e9 de techniques douces et fluides, y compris des effleurages lent, des p\u00e9trissages l\u00e9gers, des \u00e9tirements doux,<\/li><li>Le masseur r\u00e9alise ensuite des pressions et des mouvements rythmiques sur les zones les plus tendues,<\/li><li>Vous pouvez ensuite avoir un temps de repos \u00e0 la fin du massage. Une douche vous sera propos\u00e9e ainsi qu&rsquo;une collation (caf\u00e9, th\u00e9, soft, chocolat, biscuit&#8230;)<\/li><\/ul>\t\t\t\t\t\t\t\t<\/div>\n\t\t\t\t\t<\/div>\n\t\t\t\t<\/div>\n\t\t<div class=\"elementor-element elementor-element-e9184d6 e-flex e-con-boxed e-con e-parent\" data-id=\"e9184d6\" data-element_type=\"container\">\n\t\t\t\t\t<div class=\"e-con-inner\">\n\t\t\t\t<div class=\"elementor-element elementor-element-47e9288 elementor-widget elementor-widget-heading\" data-id=\"47e9288\" data-element_type=\"widget\" data-widget_type=\"heading.default\">\n\t\t\t\t\t<h2 class=\"elementor-heading-title elementor-size-default\">Les bienfaits du massage californien<\/h2>\t\t\t\t<\/div>\n\t\t\t\t\t<\/div>\n\t\t\t\t<\/div>\n\t\t<div class=\"elementor-element elementor-element-eae5817 e-flex e-con-boxed e-con e-parent\" data-id=\"eae5817\" data-element_type=\"container\">\n\t\t\t\t\t<div class=\"e-con-inner\">\n\t\t\t\t<div class=\"elementor-element elementor-element-e021e59 elementor-widget elementor-widget-text-editor\" data-id=\"e021e59\" data-element_type=\"widget\" data-widget_type=\"text-editor.default\">\n\t\t\t\t\t\t\t\t\t<p>Les vertus du massage californien apparaissent de plus en plus nombreux aux sp\u00e9cialistes, qui auparavant recommandaient des traitements chimiques \u00e0 certains des grands maux de notre \u00e9poque.<\/p><p>Une session de massage californien permet de :<\/p><ul><li>Soulager les tensions (physiques et mentales),<\/li><li>Relaxer le corps et l&rsquo;esprit,\u00a0<\/li><li>R\u00e9-\u00e9quilibrer la d\u00e9pense \u00e9motionnelle,<\/li><li>Augmenter la sensibilit\u00e9 et la conscience des r\u00e9cepteurs du corps d\u2019une part, et de l\u2019esprit d\u2019autre part,<\/li><li>Reduire le stress et l&rsquo;anxi\u00e9t\u00e9,\u00a0<\/li><li>Am\u00e9liorer la circulation sanguine,<\/li><li>Diminuer les douleurs.<\/li><\/ul>\t\t\t\t\t\t\t\t<\/div>\n\t\t\t\t\t<\/div>\n\t\t\t\t<\/div>\n\t\t<div class=\"elementor-element elementor-element-ad3aa17 e-flex e-con-boxed e-con e-parent\" data-id=\"ad3aa17\" data-element_type=\"container\">\n\t\t\t\t\t<div class=\"e-con-inner\">\n\t\t\t\t<div class=\"elementor-element elementor-element-1b39e25 elementor-widget elementor-widget-heading\" data-id=\"1b39e25\" data-element_type=\"widget\" data-widget_type=\"heading.default\">\n\t\t\t\t\t<h2 class=\"elementor-heading-title elementor-size-default\">Qui peut b\u00e9n\u00e9ficier d\u2019un massage californien ?<\/h2>\t\t\t\t<\/div>\n\t\t\t\t\t<\/div>\n\t\t\t\t<\/div>\n\t\t<div class=\"elementor-element elementor-element-b634fec e-flex e-con-boxed e-con e-parent\" data-id=\"b634fec\" data-element_type=\"container\">\n\t\t\t\t\t<div class=\"e-con-inner\">\n\t\t\t\t<div class=\"elementor-element elementor-element-8e196ee elementor-widget elementor-widget-text-editor\" data-id=\"8e196ee\" data-element_type=\"widget\" data-widget_type=\"text-editor.default\">\n\t\t\t\t\t\t\t\t\t<p>Le massage californien est ouvert \u00e0 tous, quel que soit l\u2019\u00e2ge. Il est particuli\u00e8rement efficace pour soulager les personnes actives et stress\u00e9es, ainsi que les clients apr\u00e8s 50 ans souffrants de douleurs chroniques.<\/p>\t\t\t\t\t\t\t\t<\/div>\n\t\t\t\t\t<\/div>\n\t\t\t\t<\/div>\n\t\t<div class=\"elementor-element elementor-element-8e9a4b6 e-flex e-con-boxed e-con e-parent\" data-id=\"8e9a4b6\" data-element_type=\"container\">\n\t\t\t\t\t<div class=\"e-con-inner\">\n\t\t\t\t<div class=\"elementor-element elementor-element-c147718 elementor-widget elementor-widget-heading\" data-id=\"c147718\" data-element_type=\"widget\" data-widget_type=\"heading.default\">\n\t\t\t\t\t<h2 class=\"elementor-heading-title elementor-size-default\">Contre indications<\/h2>\t\t\t\t<\/div>\n\t\t\t\t\t<\/div>\n\t\t\t\t<\/div>\n\t\t<div class=\"elementor-element elementor-element-42632c1 e-flex e-con-boxed e-con e-parent\" data-id=\"42632c1\" data-element_type=\"container\">\n\t\t\t\t\t<div class=\"e-con-inner\">\n\t\t\t\t<div class=\"elementor-element elementor-element-a6b55a4 elementor-widget elementor-widget-text-editor\" data-id=\"a6b55a4\" data-element_type=\"widget\" data-widget_type=\"text-editor.default\">\n\t\t\t\t\t\t\t\t\t<ul><li>Aux femmes enceintes (apr\u00e8s 3 mois, il est possible de se faire masser par des personnes form\u00e9es \u00e0 ce type de massage),<\/li><li>Personnes souffrantes de sciatique,\u00a0 psoriasis, ecz\u00e9ma, <strong>fi\u00e8vre<\/strong>, phl\u00e9bite, h\u00e9mophilie, maladie contagieuse, infections cutan\u00e9es.<\/li><li>Probl\u00e8mes cardiaques<\/li><\/ul>\t\t\t\t\t\t\t\t<\/div>\n\t\t\t\t\t<\/div>\n\t\t\t\t<\/div>\n\t\t<div class=\"elementor-element elementor-element-292660b e-flex e-con-boxed e-con e-parent\" data-id=\"292660b\" data-element_type=\"container\">\n\t\t\t\t\t<div class=\"e-con-inner\">\n\t\t\t\t<div class=\"elementor-element elementor-element-13d9175 elementor-widget elementor-widget-heading\" data-id=\"13d9175\" data-element_type=\"widget\" data-widget_type=\"heading.default\">\n\t\t\t\t\t<h2 class=\"elementor-heading-title elementor-size-default\">R\u00e8gles de conduite<\/h2>\t\t\t\t<\/div>\n\t\t\t\t<div class=\"elementor-element elementor-element-1ae46a4 elementor-widget elementor-widget-text-editor\" data-id=\"1ae46a4\" data-element_type=\"widget\" data-widget_type=\"text-editor.default\">\n\t\t\t\t\t\t\t\t\t<p>Afin que ce moment d&rsquo;\u00e9vasion puisse \u00eatre v\u00e9cu dans des conditions optimales, merci de respecter ses quelques r\u00e8gles de conduite:<\/p><ul><li>Ponctualit\u00e9: bien arriver \u00e0 l&rsquo;heure du rendez-vous. Pour tout retard, je me r\u00e9serve le droit d&rsquo;\u00e9courter ou d&rsquo;annuler la s\u00e9ance afin de ne pas p\u00e9naliser le prochain client,<\/li><li>Respect: Par respect pour la masseuse ne cherchez pas \u00e0 caresser cette derni\u00e8re,<\/li><li>Hygi\u00e8ne primordiale: Douche \u00e0 votre disposition et pilosit\u00e9 entretenue svp,<\/li><li>T\u00e9l\u00e9phone pr\u00e9alablement \u00e9teint ou en mode avion,<\/li><li>Se rendre au rendez-vous avec la somme totale du tarif demand\u00e9 sans n\u00e9gociation possible,<\/li><li>La prestation est un massage et en aucun cas un service sexuel. Merci d&rsquo;en tenir compte.\u00a0<\/li><\/ul>\t\t\t\t\t\t\t\t<\/div>\n\t\t\t\t<div class=\"elementor-element elementor-element-e566708 elementor-widget elementor-widget-text-editor\" data-id=\"e566708\" data-element_type=\"widget\" data-widget_type=\"text-editor.default\">\n\t\t\t\t\t\t\t\t\t<p><strong>JE ME RESERVE LE DROIT D&rsquo;ANNULER OU ECOURTER UN RENDEZ-VOUS, SI IL Y A UN MANQUEMENT A CES REGLES<\/strong><\/p>\t\t\t\t\t\t\t\t<\/div>\n\t\t\t\t<div class=\"elementor-element elementor-element-c8c2385 elementor-mobile-align-center elementor-align-center elementor-invisible elementor-widget elementor-widget-button\" data-id=\"c8c2385\" data-element_type=\"widget\" data-settings=\"{&quot;_animation&quot;:&quot;zoomIn&quot;}\" data-widget_type=\"button.default\">\n\t\t\t\t\t\t\t\t\t\t<a class=\"elementor-button elementor-button-link elementor-size-sm elementor-animation-wobble-vertical\" href=\"https:\/\/wa.me\/+33789099719\">\n\t\t\t\t\t\t<span class=\"elementor-button-content-wrapper\">\n\t\t\t\t\t\t\t\t\t<span class=\"elementor-button-text\">Prise de rendez-vous<\/span>\n\t\t\t\t\t<\/span>\n\t\t\t\t\t<\/a>\n\t\t\t\t\t\t\t\t<\/div>\n\t\t\t\t\t<\/div>\n\t\t\t\t<\/div>\n\t\t<div class=\"elementor-element elementor-element-83795b1 e-flex e-con-boxed e-con e-parent\" data-id=\"83795b1\" data-element_type=\"container\">\n\t\t\t\t\t<div class=\"e-con-inner\">\n\t\t\t\t\t<\/div>\n\t\t\t\t<\/div>\n\t\t\t\t<\/div>\n\t\t","protected":false},"excerpt":{"rendered":"<p>Massage Californien Introduction Le massage californien fait partie des techniques le plus souvent appliqu\u00e9es en France. Il se pratique allong\u00e9 sur la table de massage. Il d\u00e9tend le corps et l&rsquo;esprit en utilisant des mouvements enveloppants et fluides, \u00e0 l\u2019aide d\u2019huiles naturelles d\u00e9licatement appliqu\u00e9es avec les deux mains sur le corps. L\u2019effort du masseur se [&hellip;]<\/p>\n","protected":false},"author":1,"featured_media":117,"parent":0,"menu_order":0,"comment_status":"closed","ping_status":"closed","template":"elementor_header_footer","meta":{"iawp_total_views":164,"footnotes":""},"class_list":["post-207","page","type-page","status-publish","has-post-thumbnail","hentry"],"_links":{"self":[{"href":"https:\/\/massageme.fr\/index.php\/wp-json\/wp\/v2\/pages\/207","targetHints":{"allow":["GET"]}}],"collection":[{"href":"https:\/\/massageme.fr\/index.php\/wp-json\/wp\/v2\/pages"}],"about":[{"href":"https:\/\/massageme.fr\/index.php\/wp-json\/wp\/v2\/types\/page"}],"author":[{"embeddable":true,"href":"https:\/\/massageme.fr\/index.php\/wp-json\/wp\/v2\/users\/1"}],"replies":[{"embeddable":true,"href":"https:\/\/massageme.fr\/index.php\/wp-json\/wp\/v2\/comments?post=207"}],"version-history":[{"count":37,"href":"https:\/\/massageme.fr\/index.php\/wp-json\/wp\/v2\/pages\/207\/revisions"}],"predecessor-version":[{"id":911,"href":"https:\/\/massageme.fr\/index.php\/wp-json\/wp\/v2\/pages\/207\/revisions\/911"}],"wp:featuredmedia":[{"embeddable":true,"href":"https:\/\/massageme.fr\/index.php\/wp-json\/wp\/v2\/media\/117"}],"wp:attachment":[{"href":"https:\/\/massageme.fr\/index.php\/wp-json\/wp\/v2\/media?parent=207"}],"curies":[{"name":"wp","href":"https:\/\/api.w.org\/{rel}","templated":true}]}}