{"id":212,"date":"2025-12-10T19:50:12","date_gmt":"2025-12-10T19:50:12","guid":{"rendered":"https:\/\/massageme.fr\/?page_id=212"},"modified":"2026-01-26T14:09:43","modified_gmt":"2026-01-26T14:09:43","slug":"massage-tantrique","status":"publish","type":"page","link":"https:\/\/massageme.fr\/index.php\/massage-tantrique\/","title":{"rendered":"Massage Tantrique"},"content":{"rendered":"\t\t<div data-elementor-type=\"wp-page\" data-elementor-id=\"212\" class=\"elementor elementor-212\">\n\t\t\t\t<div class=\"elementor-element elementor-element-8c7e6ff e-flex e-con-boxed e-con e-parent\" data-id=\"8c7e6ff\" data-element_type=\"container\">\n\t\t\t\t\t<div class=\"e-con-inner\">\n\t\t\t\t<div class=\"elementor-element elementor-element-788024f elementor-widget elementor-widget-heading\" data-id=\"788024f\" data-element_type=\"widget\" data-widget_type=\"heading.default\">\n\t\t\t\t\t<h2 class=\"elementor-heading-title elementor-size-default\">Le Massage Tantrique<\/h2>\t\t\t\t<\/div>\n\t\t\t\t<div class=\"elementor-element elementor-element-a55c22a elementor-widget elementor-widget-image\" data-id=\"a55c22a\" data-element_type=\"widget\" data-widget_type=\"image.default\">\n\t\t\t\t\t\t\t\t\t\t\t\t\t\t\t<img fetchpriority=\"high\" decoding=\"async\" width=\"740\" height=\"494\" src=\"https:\/\/massageme.fr\/wp-content\/uploads\/2025\/12\/cropped-femme-fait-doigts-acupression-pour-homme-massage-mains-eclairage-intime_168410-100.jpeg\" class=\"attachment-large size-large wp-image-217\" alt=\"\" srcset=\"https:\/\/massageme.fr\/wp-content\/uploads\/2025\/12\/cropped-femme-fait-doigts-acupression-pour-homme-massage-mains-eclairage-intime_168410-100.jpeg 740w, https:\/\/massageme.fr\/wp-content\/uploads\/2025\/12\/cropped-femme-fait-doigts-acupression-pour-homme-massage-mains-eclairage-intime_168410-100-300x200.jpeg 300w\" sizes=\"(max-width: 740px) 100vw, 740px\" \/>\t\t\t\t\t\t\t\t\t\t\t\t\t\t\t<\/div>\n\t\t\t\t\t<\/div>\n\t\t\t\t<\/div>\n\t\t<div class=\"elementor-element elementor-element-0e072a3 e-flex e-con-boxed e-con e-parent\" data-id=\"0e072a3\" data-element_type=\"container\">\n\t\t\t\t\t<div class=\"e-con-inner\">\n\t\t\t\t<div class=\"elementor-element elementor-element-fdaa9a3 elementor-widget elementor-widget-heading\" data-id=\"fdaa9a3\" data-element_type=\"widget\" data-widget_type=\"heading.default\">\n\t\t\t\t\t<h2 class=\"elementor-heading-title elementor-size-default\">Introduction<\/h2>\t\t\t\t<\/div>\n\t\t\t\t\t<\/div>\n\t\t\t\t<\/div>\n\t\t<div class=\"elementor-element elementor-element-ca8aae5 e-flex e-con-boxed e-con e-parent\" data-id=\"ca8aae5\" data-element_type=\"container\">\n\t\t\t\t\t<div class=\"e-con-inner\">\n\t\t\t\t<div class=\"elementor-element elementor-element-298a4d8 elementor-widget elementor-widget-text-editor\" data-id=\"298a4d8\" data-element_type=\"widget\" data-widget_type=\"text-editor.default\">\n\t\t\t\t\t\t\t\t\t<p>Le massage tantrique est une pratique ancestrale qui allie bien-\u00eatre physique et \u00e9veil spirituel. C&rsquo;est une approche holistique, c&rsquo;est \u00e0 dire qui touche tous les aspects de la personne, physique,\u00a0 \u00e9nerg\u00e9tique, \u00e9motionnel et spirituel. Il se nomme massage mais va au-del\u00e0 de l&rsquo;enveloppe humaine car il implique en r\u00e9alit\u00e9 un travail profond sur soi de la part du donneur comme du receveur.\u00a0<\/p><p>Chaque massage tantrique est personnalis\u00e9 en fonction des besoins de chacun.<\/p><p>C&rsquo;est une prestation haut de gamme qui vous permettra, l&rsquo;histoire d&rsquo;un instant, de partir en voyage entre mes mains.<\/p>\t\t\t\t\t\t\t\t<\/div>\n\t\t\t\t<div class=\"elementor-element elementor-element-3695f2b elementor-widget elementor-widget-heading\" data-id=\"3695f2b\" data-element_type=\"widget\" data-widget_type=\"heading.default\">\n\t\t\t\t\t<h2 class=\"elementor-heading-title elementor-size-default\">Les origines du massage tantrique<\/h2>\t\t\t\t<\/div>\n\t\t\t\t<div class=\"elementor-element elementor-element-ef88d8e elementor-widget elementor-widget-text-editor\" data-id=\"ef88d8e\" data-element_type=\"widget\" data-widget_type=\"text-editor.default\">\n\t\t\t\t\t\t\t\t\t<p>Les origines du massage tantrique viennent d&rsquo;une tradition spirituelle de l&rsquo;Inde ancienne. Tantra signifie litt\u00e9ralement \u00ab\u00a0tisser\u00a0\u00bb en Sanskrit (langue indo-europ\u00e9enne), qui est une approche holistique et qui vise \u00e0 unifier le corps, l&rsquo;\u00e2me, et l&rsquo;esprit.<\/p><p>Le massage tantrique est une technique de relaxation, mais il permet \u00e9galement d&rsquo;\u00e9veiller et d&rsquo;harmoniser TOUTES les \u00e9nergies du corps.<\/p>\t\t\t\t\t\t\t\t<\/div>\n\t\t\t\t<div class=\"elementor-element elementor-element-69ef06c elementor-widget elementor-widget-heading\" data-id=\"69ef06c\" data-element_type=\"widget\" data-widget_type=\"heading.default\">\n\t\t\t\t\t<h2 class=\"elementor-heading-title elementor-size-default\">Pr\u00e9paration \u00e0 la s\u00e9ance<\/h2>\t\t\t\t<\/div>\n\t\t\t\t<div class=\"elementor-element elementor-element-171d9f5 elementor-widget elementor-widget-text-editor\" data-id=\"171d9f5\" data-element_type=\"widget\" data-widget_type=\"text-editor.default\">\n\t\t\t\t\t\t\t\t\t<ul><li>Choisissez un praticien qualifi\u00e9 avec qui vous vous sentez \u00e0 l&rsquo;aise et pr\u00eat \u00e0 lui laisser votre cops dans son enti\u00e8ret\u00e9 (la confiance est primordiale).<\/li><li>Avant le rendez-vous, bien se pr\u00e9parer mentalement. D\u00e9tendez-vous et laisser vos pens\u00e9es quotidiennes de cot\u00e9. Des exercices de respiration ou de la m\u00e9ditation peuvent vous aider \u00e0 vous d\u00e9tendre pour \u00eatre dans un \u00e9tat d&rsquo;esprit r\u00e9ceptif. Je commence toujours la s\u00e9ance par un exercice de respiration et de concentration pour vous faire atteindre rapidement un rel\u00e2chement total propice au massage tantrique.<\/li><li>Une excellente hygi\u00e8ne est primordiale avant un massage tantrique. Une douche juste avant la s\u00e9ance est obligatoire (douche \u00e0 disposition sur place). La pilosit\u00e9 doit \u00e9galement \u00eatre entretenue.\u00a0<\/li><li>Votre t\u00e9l\u00e9phone portable doit obligatoirement \u00eatre \u00e9teint ou en mode avion afin de ne pas \u00eatre d\u00e9rang\u00e9 pendant la s\u00e9ance pour une exp\u00e9rience optimale.\u00a0<\/li><\/ul>\t\t\t\t\t\t\t\t<\/div>\n\t\t\t\t<div class=\"elementor-element elementor-element-1883d27 elementor-widget elementor-widget-heading\" data-id=\"1883d27\" data-element_type=\"widget\" data-widget_type=\"heading.default\">\n\t\t\t\t\t<h2 class=\"elementor-heading-title elementor-size-default\">Le d\u00e9roulement d'une s\u00e9ance de massage tantrique<\/h2>\t\t\t\t<\/div>\n\t\t\t\t<div class=\"elementor-element elementor-element-0b7b250 elementor-widget elementor-widget-text-editor\" data-id=\"0b7b250\" data-element_type=\"widget\" data-widget_type=\"text-editor.default\">\n\t\t\t\t\t\t\t\t\t<p>Tout commence par un accueil chaleureux puis un moment de discussion s&rsquo;en suit afin d&rsquo;\u00e9changer sur vos attentes, vos appr\u00e9hensions et poser toutes vos questions. Je r\u00e9pondrai volontiers \u00e0 toutes vos interrogations, vous expliquerai le d\u00e9roulement de la s\u00e9ance et je m&rsquo;assurerai que vous \u00eates bien \u00e0 l&rsquo;aise.<\/p><p>Le salon est am\u00e9nag\u00e9 avec soin afin de garantir une exp\u00e9rience unique: Lumi\u00e8res tamis\u00e9es, bougies, huiles essentielles, table motoris\u00e9e et chauffante, musique relaxante, lieu calme&#8230; pour cr\u00e9er une atmosph\u00e8re propice \u00e0 la relaxation et \u00e0 l&rsquo;\u00e9veil des sens.<\/p><p>Vous vous d\u00e9shabillez ensuite, le massage se pratique de fa\u00e7on naturiste.<\/p><p>Installation sur la table de massage sur le ventre. Un exercice de respiration d\u00e9bute visant \u00e0 calmer l&rsquo;esprit et se concentrer uniquement sur mes mains.<\/p><p>Le massage tantrique est une exp\u00e9rience sensorielle compl\u00e8te:<\/p><ul><li>Toucher l\u00e9ger: effleurage doux pour \u00e9veiller la sensibilit\u00e9 de la peau.<\/li><li>Massage appuy\u00e9: techniques de massage plus appuy\u00e9es pour d\u00e9tendre les muscles et stimuler la circulation \u00e9nerg\u00e9tique.<\/li><li>Travail sur les chakras: je me concentre sur les centres \u00e9nerg\u00e9tiques du corps (chakras) pour \u00e9quilibrer les \u00e9nergies.<\/li><li>Techniques sp\u00e9cifiques: des mouvements sp\u00e9cifiques au tantra sont appliqu\u00e9s pour \u00e9veiller l&rsquo;\u00e9nergie kundalini.<\/li><li>Moments de pause: j&rsquo;alterne entre moments d&rsquo;effleurage, de massage et moments de pause, permettant \u00e0 l&rsquo;\u00e9nergie de circuler librement.<\/li><li>Le corps est mass\u00e9 int\u00e9gralement de la t\u00eate aux pieds.<\/li><\/ul>\t\t\t\t\t\t\t\t<\/div>\n\t\t\t\t<div class=\"elementor-element elementor-element-e8ffbbf elementor-widget elementor-widget-heading\" data-id=\"e8ffbbf\" data-element_type=\"widget\" data-widget_type=\"heading.default\">\n\t\t\t\t\t<h2 class=\"elementor-heading-title elementor-size-default\">La fin de la s\u00e9ance<\/h2>\t\t\t\t<\/div>\n\t\t\t\t<div class=\"elementor-element elementor-element-fad5863 elementor-widget elementor-widget-text-editor\" data-id=\"fad5863\" data-element_type=\"widget\" data-widget_type=\"text-editor.default\">\n\t\t\t\t\t\t\t\t\t<p>La s\u00e9ance se termine g\u00e9n\u00e9ralement par un moment de calme, d&rsquo;effleurage et d&rsquo;int\u00e9gration. Je vous laisserai profiter des sensations post massage.<\/p><p>Une douche vous sera alors propos\u00e9e ainsi qu&rsquo;une collation (caf\u00e9, th\u00e9, soft, biscuit, chocolat&#8230;)<\/p>\t\t\t\t\t\t\t\t<\/div>\n\t\t\t\t<div class=\"elementor-element elementor-element-c13753a elementor-widget elementor-widget-heading\" data-id=\"c13753a\" data-element_type=\"widget\" data-widget_type=\"heading.default\">\n\t\t\t\t\t<h2 class=\"elementor-heading-title elementor-size-default\">Les bienfaits du massage tantrique<\/h2>\t\t\t\t<\/div>\n\t\t\t\t<div class=\"elementor-element elementor-element-518b624 elementor-widget elementor-widget-text-editor\" data-id=\"518b624\" data-element_type=\"widget\" data-widget_type=\"text-editor.default\">\n\t\t\t\t\t\t\t\t\t<p>Le massage tantrique offre de nombreux bienfaits, tant sur le plan physique que mental et \u00e9motionnel:\u00a0<\/p><ul><li>Lib\u00e9ration des blocages \u00e9motionnels,<\/li><li>Am\u00e9lioration de la confiance en soi et de l&rsquo;image corporelle,<\/li><li>Eveil de la sensualit\u00e9,<\/li><li>Approfondissement de la connexion spirituelle,<\/li><li>Augmentation de la conscience corporelle,<\/li><li>Reduction du stress et de l&rsquo;anxi\u00e9t\u00e9,<\/li><li>Harmonisation des \u00e9nergies,<\/li><li>Am\u00e9lioration de la circulation sanguine et lymphatique,<\/li><li>Ouverture d&rsquo;esprit.<\/li><\/ul>\t\t\t\t\t\t\t\t<\/div>\n\t\t\t\t<div class=\"elementor-element elementor-element-6700849 elementor-widget elementor-widget-heading\" data-id=\"6700849\" data-element_type=\"widget\" data-widget_type=\"heading.default\">\n\t\t\t\t\t<h2 class=\"elementor-heading-title elementor-size-default\">Pr\u00e9cautions et contre-indications <\/h2>\t\t\t\t<\/div>\n\t\t\t\t<div class=\"elementor-element elementor-element-f214878 elementor-widget elementor-widget-text-editor\" data-id=\"f214878\" data-element_type=\"widget\" data-widget_type=\"text-editor.default\">\n\t\t\t\t\t\t\t\t\t<ul><li>Informez le praticien pour tout probl\u00e8me de sant\u00e9 ou blessure,<\/li><li>Evitez le massage en cas de fi\u00e8vre, d&rsquo;infection ou de maladie contagieuse,<\/li><li>Autorisation m\u00e9dicale obligatoire pour les femmes enceintes,<\/li><li>Si vous prenez des m\u00e9dicaments affectant la sensibilit\u00e9 ou la circulation sanguine, discutez en avec votre praticien,<\/li><li>En cas de malaise ou d&rsquo;inconfort pendant la s\u00e9ance, informez imm\u00e9diatement le praticien,<\/li><li>En cas d&rsquo;impr\u00e9vu, veuillez svp, me pr\u00e9venir afin d&rsquo;annuler la s\u00e9ance.<\/li><\/ul>\t\t\t\t\t\t\t\t<\/div>\n\t\t\t\t<div class=\"elementor-element elementor-element-d1327a8 elementor-widget elementor-widget-heading\" data-id=\"d1327a8\" data-element_type=\"widget\" data-widget_type=\"heading.default\">\n\t\t\t\t\t<h2 class=\"elementor-heading-title elementor-size-default\">Conclusion<\/h2>\t\t\t\t<\/div>\n\t\t\t\t<div class=\"elementor-element elementor-element-85cb834 elementor-widget elementor-widget-text-editor\" data-id=\"85cb834\" data-element_type=\"widget\" data-widget_type=\"text-editor.default\">\n\t\t\t\t\t\t\t\t\t<p>Le massage tantrique est bien plus qu&rsquo;un simple massage. C&rsquo;est un voyage sensoriel \u00e0 la d\u00e9couverte de soi. Vous vivrez une exp\u00e9rience profond\u00e9ment transformatrice.<\/p><p>Que vous soyez novice ou exp\u00e9riment\u00e9 le massage tantrique offre une voie unique vers le bien-\u00eatre holistique et l&rsquo;harmonie int\u00e9rieure.<\/p><p>N&rsquo;attendez plus pour d\u00e9couvrir les bienfaits extraordinaires du massage tantrique.<\/p><p>R\u00e9servez d\u00e8s maintenant votre s\u00e9ance et embarquez avec moi pour un voyage sensoriel inoubliable. Votre corps, votre esprit et votre \u00e2me vous remercieront pour ce cadeau de bien-\u00eatre et d&rsquo;\u00e9veil total.<\/p>\t\t\t\t\t\t\t\t<\/div>\n\t\t\t\t<div class=\"elementor-element elementor-element-3101b41 elementor-widget elementor-widget-heading\" data-id=\"3101b41\" data-element_type=\"widget\" data-widget_type=\"heading.default\">\n\t\t\t\t\t<h2 class=\"elementor-heading-title elementor-size-default\">R\u00e8gles de conduite<\/h2>\t\t\t\t<\/div>\n\t\t\t\t<div class=\"elementor-element elementor-element-b9868be elementor-widget elementor-widget-text-editor\" data-id=\"b9868be\" data-element_type=\"widget\" data-widget_type=\"text-editor.default\">\n\t\t\t\t\t\t\t\t\t<p>Afin que ce moment d&rsquo;\u00e9vasion puisse \u00eatre v\u00e9cu dans des conditions optimales, merci de respecter ses quelques r\u00e8gles de conduite:<\/p><ul><li>Ponctualit\u00e9: bien arriver \u00e0 l&rsquo;heure du rendez-vous. Pour tout retard, je me r\u00e9serve le droit d&rsquo;\u00e9courter ou d&rsquo;annuler la s\u00e9ance afin de ne pas p\u00e9naliser le prochain client,<\/li><li>Respect: Par respect pour la masseuse ne cherchez pas \u00e0 caresser cette derni\u00e8re,<\/li><li>Hygi\u00e8ne primordiale: Douche \u00e0 votre disposition et pilosit\u00e9 entretenue svp,<\/li><li>T\u00e9l\u00e9phone pr\u00e9alablement \u00e9teint ou en mode avion,<\/li><li>Se rendre au rendez-vous avec la somme totale du tarif demand\u00e9 sans n\u00e9gociation possible,<\/li><li>La prestation est un massage et en aucun cas un service sexuel. Merci d&rsquo;en tenir compte.\u00a0<\/li><\/ul>\t\t\t\t\t\t\t\t<\/div>\n\t\t\t\t<div class=\"elementor-element elementor-element-076cdc6 elementor-widget elementor-widget-text-editor\" data-id=\"076cdc6\" data-element_type=\"widget\" data-widget_type=\"text-editor.default\">\n\t\t\t\t\t\t\t\t\t<p><strong>JE ME RESERVE LE DROIT D&rsquo;ANNULER OU ECOURTER UN RENDEZ-VOUS, SI IL Y A UN MANQUEMENT A CES REGLES<\/strong><\/p>\t\t\t\t\t\t\t\t<\/div>\n\t\t\t\t<div class=\"elementor-element elementor-element-9e2225e elementor-mobile-align-center elementor-align-center elementor-invisible elementor-widget elementor-widget-button\" data-id=\"9e2225e\" data-element_type=\"widget\" data-settings=\"{&quot;_animation&quot;:&quot;zoomIn&quot;}\" data-widget_type=\"button.default\">\n\t\t\t\t\t\t\t\t\t\t<a class=\"elementor-button elementor-button-link elementor-size-sm elementor-animation-wobble-vertical\" href=\"https:\/\/wa.me\/+33789099719\">\n\t\t\t\t\t\t<span class=\"elementor-button-content-wrapper\">\n\t\t\t\t\t\t\t\t\t<span class=\"elementor-button-text\">Prise de rendez-vous<\/span>\n\t\t\t\t\t<\/span>\n\t\t\t\t\t<\/a>\n\t\t\t\t\t\t\t\t<\/div>\n\t\t\t\t\t<\/div>\n\t\t\t\t<\/div>\n\t\t<div class=\"elementor-element elementor-element-b8c0eb9 e-flex e-con-boxed e-con e-parent\" data-id=\"b8c0eb9\" data-element_type=\"container\">\n\t\t\t\t\t<div class=\"e-con-inner\">\n\t\t\t\t\t<\/div>\n\t\t\t\t<\/div>\n\t\t<div class=\"elementor-element elementor-element-82aae79 e-flex e-con-boxed e-con e-parent\" data-id=\"82aae79\" data-element_type=\"container\">\n\t\t\t\t\t<div class=\"e-con-inner\">\n\t\t\t\t\t<\/div>\n\t\t\t\t<\/div>\n\t\t\t\t<\/div>\n\t\t","protected":false},"excerpt":{"rendered":"<p>Le Massage Tantrique Introduction Le massage tantrique est une pratique ancestrale qui allie bien-\u00eatre physique et \u00e9veil spirituel. C&rsquo;est une approche holistique, c&rsquo;est \u00e0 dire qui touche tous les aspects de la personne, physique,\u00a0 \u00e9nerg\u00e9tique, \u00e9motionnel et spirituel. Il se nomme massage mais va au-del\u00e0 de l&rsquo;enveloppe humaine car il implique en r\u00e9alit\u00e9 un travail [&hellip;]<\/p>\n","protected":false},"author":1,"featured_media":0,"parent":0,"menu_order":0,"comment_status":"closed","ping_status":"closed","template":"elementor_header_footer","meta":{"iawp_total_views":781,"footnotes":""},"class_list":["post-212","page","type-page","status-publish","hentry"],"_links":{"self":[{"href":"https:\/\/massageme.fr\/index.php\/wp-json\/wp\/v2\/pages\/212","targetHints":{"allow":["GET"]}}],"collection":[{"href":"https:\/\/massageme.fr\/index.php\/wp-json\/wp\/v2\/pages"}],"about":[{"href":"https:\/\/massageme.fr\/index.php\/wp-json\/wp\/v2\/types\/page"}],"author":[{"embeddable":true,"href":"https:\/\/massageme.fr\/index.php\/wp-json\/wp\/v2\/users\/1"}],"replies":[{"embeddable":true,"href":"https:\/\/massageme.fr\/index.php\/wp-json\/wp\/v2\/comments?post=212"}],"version-history":[{"count":90,"href":"https:\/\/massageme.fr\/index.php\/wp-json\/wp\/v2\/pages\/212\/revisions"}],"predecessor-version":[{"id":922,"href":"https:\/\/massageme.fr\/index.php\/wp-json\/wp\/v2\/pages\/212\/revisions\/922"}],"wp:attachment":[{"href":"https:\/\/massageme.fr\/index.php\/wp-json\/wp\/v2\/media?parent=212"}],"curies":[{"name":"wp","href":"https:\/\/api.w.org\/{rel}","templated":true}]}}