{"id":361,"date":"2025-12-12T11:49:50","date_gmt":"2025-12-12T11:49:50","guid":{"rendered":"https:\/\/massageme.fr\/?page_id=361"},"modified":"2026-02-14T11:07:29","modified_gmt":"2026-02-14T11:07:29","slug":"massage-drainant","status":"publish","type":"page","link":"https:\/\/massageme.fr\/index.php\/massage-drainant\/","title":{"rendered":"Massage Drainant"},"content":{"rendered":"\t\t<div data-elementor-type=\"wp-page\" data-elementor-id=\"361\" class=\"elementor elementor-361\">\n\t\t\t\t<div class=\"elementor-element elementor-element-8de580a e-flex e-con-boxed e-con e-parent\" data-id=\"8de580a\" data-element_type=\"container\">\n\t\t\t\t\t<div class=\"e-con-inner\">\n\t\t\t\t<div class=\"elementor-element elementor-element-df05d57 elementor-widget elementor-widget-heading\" data-id=\"df05d57\" data-element_type=\"widget\" data-widget_type=\"heading.default\">\n\t\t\t\t\t<h2 class=\"elementor-heading-title elementor-size-default\">Le massage drainant<\/h2>\t\t\t\t<\/div>\n\t\t\t\t\t<\/div>\n\t\t\t\t<\/div>\n\t\t<div class=\"elementor-element elementor-element-1bcc1fe e-flex e-con-boxed e-con e-parent\" data-id=\"1bcc1fe\" data-element_type=\"container\">\n\t\t\t\t\t<div class=\"e-con-inner\">\n\t\t\t\t<div class=\"elementor-element elementor-element-1f0a429 elementor-widget elementor-widget-image\" data-id=\"1f0a429\" data-element_type=\"widget\" data-widget_type=\"image.default\">\n\t\t\t\t\t\t\t\t\t\t\t\t\t\t\t<img fetchpriority=\"high\" decoding=\"async\" width=\"452\" height=\"678\" src=\"http:\/\/massageme.fr\/wp-content\/uploads\/2025\/12\/drain.jpg\" class=\"attachment-2048x2048 size-2048x2048 wp-image-148\" alt=\"\" srcset=\"http:\/\/massageme.fr\/wp-content\/uploads\/2025\/12\/drain.jpg 452w, http:\/\/massageme.fr\/wp-content\/uploads\/2025\/12\/drain-200x300.jpg 200w\" sizes=\"(max-width: 452px) 100vw, 452px\" \/>\t\t\t\t\t\t\t\t\t\t\t\t\t\t\t<\/div>\n\t\t\t\t\t<\/div>\n\t\t\t\t<\/div>\n\t\t<div class=\"elementor-element elementor-element-d20313f e-flex e-con-boxed e-con e-parent\" data-id=\"d20313f\" data-element_type=\"container\">\n\t\t\t\t\t<div class=\"e-con-inner\">\n\t\t\t\t<div class=\"elementor-element elementor-element-60557f5 elementor-widget elementor-widget-heading\" data-id=\"60557f5\" data-element_type=\"widget\" data-widget_type=\"heading.default\">\n\t\t\t\t\t<h2 class=\"elementor-heading-title elementor-size-default\">Introduction<\/h2>\t\t\t\t<\/div>\n\t\t\t\t\t<\/div>\n\t\t\t\t<\/div>\n\t\t<div class=\"elementor-element elementor-element-1346148 e-flex e-con-boxed e-con e-parent\" data-id=\"1346148\" data-element_type=\"container\">\n\t\t\t\t\t<div class=\"e-con-inner\">\n\t\t\t\t<div class=\"elementor-element elementor-element-299a91c elementor-widget elementor-widget-text-editor\" data-id=\"299a91c\" data-element_type=\"widget\" data-widget_type=\"text-editor.default\">\n\t\t\t\t\t\t\t\t\t<p>Le massage drainant est une technique douce et cibl\u00e9e en qu\u00eate de bien-\u00eatre et de sant\u00e9 globale. Gr\u00e2ce \u00e0 des mouvements sp\u00e9cifiques, ce soin agit en profondeur sur la circulation de la lymphe, un liquide essentiel au bon fonctionnement du syst\u00e8me immunitaire. Il a pour objectif de stimuler la circulation de la lymphe dans les vaisseaux lymphatiques. Ce liquide circule lentement dans tous le corps, transportant les d\u00e9chets, les toxines et l&rsquo;exc\u00e8s de liquides vers les ganglions lymphatiques, charg\u00e9s de les filtrer. Le syst\u00e8me lymphatique joue un r\u00f4le important dans la d\u00e9fense contre les infections. Lorsque ce syst\u00e8me est ralenti ou surcharg\u00e9 (stress, fatigue, s\u00e9dentarit\u00e9&#8230;), la lymphe stagne et peut entra\u00eener des d\u00e9sagr\u00e9ments comme de la r\u00e9tention d&rsquo;eau, des jambes lourdes, des \u0153d\u00e8mes ou encore une peau terne.<\/p>\t\t\t\t\t\t\t\t<\/div>\n\t\t\t\t\t<\/div>\n\t\t\t\t<\/div>\n\t\t<div class=\"elementor-element elementor-element-a093e5f e-flex e-con-boxed e-con e-parent\" data-id=\"a093e5f\" data-element_type=\"container\">\n\t\t\t\t\t<div class=\"e-con-inner\">\n\t\t\t\t<div class=\"elementor-element elementor-element-52176d2 elementor-widget elementor-widget-heading\" data-id=\"52176d2\" data-element_type=\"widget\" data-widget_type=\"heading.default\">\n\t\t\t\t\t<h2 class=\"elementor-heading-title elementor-size-default\">Les bienfaits du massage drainant <\/h2>\t\t\t\t<\/div>\n\t\t\t\t\t<\/div>\n\t\t\t\t<\/div>\n\t\t<div class=\"elementor-element elementor-element-b2bb8e8 e-flex e-con-boxed e-con e-parent\" data-id=\"b2bb8e8\" data-element_type=\"container\">\n\t\t\t\t\t<div class=\"e-con-inner\">\n\t\t\t\t<div class=\"elementor-element elementor-element-13480fe elementor-widget elementor-widget-text-editor\" data-id=\"13480fe\" data-element_type=\"widget\" data-widget_type=\"text-editor.default\">\n\t\t\t\t\t\t\t\t\t<ul><li>Am\u00e9lioration de la circulation lymphatique et r\u00e9duction des \u0153d\u00e8mes,<\/li><li>Soulagement des jambes lourdes et sensation de l\u00e9g\u00e8ret\u00e9 retrouv\u00e9e,<\/li><li>Booste l&rsquo;\u00e9clat du teint et r\u00e9duit la cellulite,<\/li><li>R\u00e9duction de la r\u00e9tention d&rsquo;eau et \u00e9limination des toxines,<\/li><li>Renforcement des d\u00e9fenses immunitaire,<\/li><li>Affine la silhouette, lisse les capitons<\/li><\/ul>\t\t\t\t\t\t\t\t<\/div>\n\t\t\t\t\t<\/div>\n\t\t\t\t<\/div>\n\t\t<div class=\"elementor-element elementor-element-d44e412 e-flex e-con-boxed e-con e-parent\" data-id=\"d44e412\" data-element_type=\"container\">\n\t\t\t\t\t<div class=\"e-con-inner\">\n\t\t\t\t<div class=\"elementor-element elementor-element-bd31cce elementor-widget elementor-widget-heading\" data-id=\"bd31cce\" data-element_type=\"widget\" data-widget_type=\"heading.default\">\n\t\t\t\t\t<h2 class=\"elementor-heading-title elementor-size-default\">Contre indications<\/h2>\t\t\t\t<\/div>\n\t\t\t\t\t<\/div>\n\t\t\t\t<\/div>\n\t\t<div class=\"elementor-element elementor-element-c438bbd e-flex e-con-boxed e-con e-parent\" data-id=\"c438bbd\" data-element_type=\"container\">\n\t\t\t\t\t<div class=\"e-con-inner\">\n\t\t\t\t<div class=\"elementor-element elementor-element-ade2b48 elementor-widget elementor-widget-text-editor\" data-id=\"ade2b48\" data-element_type=\"widget\" data-widget_type=\"text-editor.default\">\n\t\t\t\t\t\t\t\t\t<p>Le massage drainant est deconseill\u00e9 en cas:<\/p><ul><li>D&rsquo;insuffisance cardiaque non stabilis\u00e9e,<\/li><li>De phl\u00e9bite, thrombose ou infection aig\u00fce,<\/li><li>De cancer actif sans avis m\u00e9dical.<\/li><\/ul>\t\t\t\t\t\t\t\t<\/div>\n\t\t\t\t\t<\/div>\n\t\t\t\t<\/div>\n\t\t<div class=\"elementor-element elementor-element-e535580 e-flex e-con-boxed e-con e-parent\" data-id=\"e535580\" data-element_type=\"container\">\n\t\t\t\t\t<div class=\"e-con-inner\">\n\t\t\t\t<div class=\"elementor-element elementor-element-08fb14d elementor-widget elementor-widget-heading\" data-id=\"08fb14d\" data-element_type=\"widget\" data-widget_type=\"heading.default\">\n\t\t\t\t\t<h2 class=\"elementor-heading-title elementor-size-default\">R\u00e9gles de conduite<\/h2>\t\t\t\t<\/div>\n\t\t\t\t\t<\/div>\n\t\t\t\t<\/div>\n\t\t<div class=\"elementor-element elementor-element-077e69d e-flex e-con-boxed e-con e-parent\" data-id=\"077e69d\" data-element_type=\"container\">\n\t\t\t\t\t<div class=\"e-con-inner\">\n\t\t\t\t<div class=\"elementor-element elementor-element-c4250d9 elementor-widget elementor-widget-text-editor\" data-id=\"c4250d9\" data-element_type=\"widget\" data-widget_type=\"text-editor.default\">\n\t\t\t\t\t\t\t\t\t<p>Afin que ce moment d&rsquo;\u00e9vasion puisse \u00eatre v\u00e9cu dans des conditions optimales, merci de respecter ses quelques r\u00e8gles de conduite:<\/p><ul><li>Ponctualit\u00e9: bien arriver \u00e0 l&rsquo;heure du rendez-vous. Pour tout retard, je me r\u00e9serve le droit d&rsquo;\u00e9courter ou d&rsquo;annuler la s\u00e9ance afin de ne pas p\u00e9naliser le prochain client,<\/li><li>Respect: Par respect pour la masseuse ne cherchez pas \u00e0 caresser cette derni\u00e8re,<\/li><li>Hygi\u00e8ne primordiale: Douche \u00e0 votre disposition et pilosit\u00e9 entretenue svp,<\/li><li>T\u00e9l\u00e9phone pr\u00e9alablement \u00e9teint ou en mode avion,<\/li><li>Se rendre au rendez-vous avec la somme totale du tarif demand\u00e9 sans n\u00e9gociation possible,<\/li><li>La prestation est un massage et en aucun cas un service sexuel. Merci d&rsquo;en tenir compte.\u00a0<\/li><\/ul>\t\t\t\t\t\t\t\t<\/div>\n\t\t\t\t<div class=\"elementor-element elementor-element-f16c437 elementor-widget elementor-widget-text-editor\" data-id=\"f16c437\" data-element_type=\"widget\" data-widget_type=\"text-editor.default\">\n\t\t\t\t\t\t\t\t\t<p><strong>JE ME RESERVE LE DROIT D&rsquo;ANNULER OU ECOURTER UN RENDEZ-VOUS, SI IL Y A UN MANQUEMENT A CES REGLES<\/strong><\/p>\t\t\t\t\t\t\t\t<\/div>\n\t\t\t\t\t<\/div>\n\t\t\t\t<\/div>\n\t\t<div class=\"elementor-element elementor-element-35f0215 e-flex e-con-boxed e-con e-parent\" data-id=\"35f0215\" data-element_type=\"container\">\n\t\t\t\t\t<div class=\"e-con-inner\">\n\t\t\t\t<div class=\"elementor-element elementor-element-a6fb9fc elementor-mobile-align-center elementor-align-center elementor-invisible elementor-widget elementor-widget-button\" data-id=\"a6fb9fc\" data-element_type=\"widget\" data-settings=\"{&quot;_animation&quot;:&quot;zoomIn&quot;}\" data-widget_type=\"button.default\">\n\t\t\t\t\t\t\t\t\t\t<a class=\"elementor-button elementor-button-link elementor-size-sm elementor-animation-wobble-vertical\" href=\"https:\/\/wa.me\/+33789099719\">\n\t\t\t\t\t\t<span class=\"elementor-button-content-wrapper\">\n\t\t\t\t\t\t\t\t\t<span class=\"elementor-button-text\">Prise de rendez-vous<\/span>\n\t\t\t\t\t<\/span>\n\t\t\t\t\t<\/a>\n\t\t\t\t\t\t\t\t<\/div>\n\t\t\t\t\t<\/div>\n\t\t\t\t<\/div>\n\t\t<div class=\"elementor-element elementor-element-1142676 e-flex e-con-boxed e-con e-parent\" data-id=\"1142676\" data-element_type=\"container\">\n\t\t\t\t\t<div class=\"e-con-inner\">\n\t\t\t\t\t<\/div>\n\t\t\t\t<\/div>\n\t\t\t\t<\/div>\n\t\t","protected":false},"excerpt":{"rendered":"<p>Le massage drainant Introduction Le massage drainant est une technique douce et cibl\u00e9e en qu\u00eate de bien-\u00eatre et de sant\u00e9 globale. Gr\u00e2ce \u00e0 des mouvements sp\u00e9cifiques, ce soin agit en profondeur sur la circulation de la lymphe, un liquide essentiel au bon fonctionnement du syst\u00e8me immunitaire. Il a pour objectif de stimuler la circulation de [&hellip;]<\/p>\n","protected":false},"author":1,"featured_media":148,"parent":0,"menu_order":0,"comment_status":"closed","ping_status":"closed","template":"elementor_header_footer","meta":{"iawp_total_views":57,"footnotes":""},"class_list":["post-361","page","type-page","status-publish","has-post-thumbnail","hentry"],"_links":{"self":[{"href":"https:\/\/massageme.fr\/index.php\/wp-json\/wp\/v2\/pages\/361","targetHints":{"allow":["GET"]}}],"collection":[{"href":"https:\/\/massageme.fr\/index.php\/wp-json\/wp\/v2\/pages"}],"about":[{"href":"https:\/\/massageme.fr\/index.php\/wp-json\/wp\/v2\/types\/page"}],"author":[{"embeddable":true,"href":"https:\/\/massageme.fr\/index.php\/wp-json\/wp\/v2\/users\/1"}],"replies":[{"embeddable":true,"href":"https:\/\/massageme.fr\/index.php\/wp-json\/wp\/v2\/comments?post=361"}],"version-history":[{"count":22,"href":"https:\/\/massageme.fr\/index.php\/wp-json\/wp\/v2\/pages\/361\/revisions"}],"predecessor-version":[{"id":954,"href":"https:\/\/massageme.fr\/index.php\/wp-json\/wp\/v2\/pages\/361\/revisions\/954"}],"wp:featuredmedia":[{"embeddable":true,"href":"https:\/\/massageme.fr\/index.php\/wp-json\/wp\/v2\/media\/148"}],"wp:attachment":[{"href":"https:\/\/massageme.fr\/index.php\/wp-json\/wp\/v2\/media?parent=361"}],"curies":[{"name":"wp","href":"https:\/\/api.w.org\/{rel}","templated":true}]}}