{"id":447,"date":"2025-12-13T14:22:54","date_gmt":"2025-12-13T14:22:54","guid":{"rendered":"https:\/\/massageme.fr\/?page_id=447"},"modified":"2026-02-14T11:07:54","modified_gmt":"2026-02-14T11:07:54","slug":"massage-a-la-bougie","status":"publish","type":"page","link":"https:\/\/massageme.fr\/index.php\/massage-a-la-bougie\/","title":{"rendered":"Massage \u00e0 la bougie"},"content":{"rendered":"\t\t<div data-elementor-type=\"wp-page\" data-elementor-id=\"447\" class=\"elementor elementor-447\">\n\t\t\t\t<div class=\"elementor-element elementor-element-752821e e-flex e-con-boxed e-con e-parent\" data-id=\"752821e\" data-element_type=\"container\">\n\t\t\t\t\t<div class=\"e-con-inner\">\n\t\t\t\t<div class=\"elementor-element elementor-element-98232fb elementor-widget elementor-widget-heading\" data-id=\"98232fb\" data-element_type=\"widget\" data-widget_type=\"heading.default\">\n\t\t\t\t\t<h2 class=\"elementor-heading-title elementor-size-default\">Le massage \u00e0 la bougie<\/h2>\t\t\t\t<\/div>\n\t\t\t\t<div class=\"elementor-element elementor-element-917b8bc elementor-widget elementor-widget-image\" data-id=\"917b8bc\" data-element_type=\"widget\" data-widget_type=\"image.default\">\n\t\t\t\t\t\t\t\t\t\t\t\t\t\t\t<img fetchpriority=\"high\" decoding=\"async\" width=\"1024\" height=\"1024\" src=\"http:\/\/massageme.fr\/wp-content\/uploads\/2025\/12\/JeJoue_BlackCandle_Lifestyle_Lit-scaled.jpg\" class=\"attachment-large size-large wp-image-174\" alt=\"\" srcset=\"http:\/\/massageme.fr\/wp-content\/uploads\/2025\/12\/JeJoue_BlackCandle_Lifestyle_Lit-scaled.jpg 2560w, http:\/\/massageme.fr\/wp-content\/uploads\/2025\/12\/JeJoue_BlackCandle_Lifestyle_Lit-300x300.jpg 300w\" sizes=\"(max-width: 1024px) 100vw, 1024px\" \/>\t\t\t\t\t\t\t\t\t\t\t\t\t\t\t<\/div>\n\t\t\t\t\t<\/div>\n\t\t\t\t<\/div>\n\t\t<div class=\"elementor-element elementor-element-8b2d7ee e-flex e-con-boxed e-con e-parent\" data-id=\"8b2d7ee\" data-element_type=\"container\">\n\t\t\t\t\t<div class=\"e-con-inner\">\n\t\t\t\t\t<\/div>\n\t\t\t\t<\/div>\n\t\t<div class=\"elementor-element elementor-element-96843b0 e-flex e-con-boxed e-con e-parent\" data-id=\"96843b0\" data-element_type=\"container\">\n\t\t\t\t\t<div class=\"e-con-inner\">\n\t\t\t\t<div class=\"elementor-element elementor-element-8bfb6b0 elementor-widget elementor-widget-text-editor\" data-id=\"8bfb6b0\" data-element_type=\"widget\" data-widget_type=\"text-editor.default\">\n\t\t\t\t\t\t\t\t\t<p>Le massage \u00e0 la bougie est connu pour \u00eatre un massage relaxant qui doit \u00eatre pratiqu\u00e9 par un professionnel. <br \/>Ce massage permet, en plus de vous relaxer, d&rsquo;apaiser des parties du corps assez douloureuse. Il est surtout tr\u00e8s connu pour nourrir la peau.<br \/>Le massage est un massage dynamisant et tonifiant ce qui donne un \u00e9piderme plus \u00e9lastique.<\/p><p>Comment cela est-il pratiqu\u00e9 ? <br \/>La bougie utilis\u00e9e est une bougie sp\u00e9cifique de massage, elle est pr\u00e9alablement allum\u00e9e pendant environ 20 minutes pour que la cire puisse ainsi devenir liquide et donc \u00eatre appliqu\u00e9 sur le corps telle une huile.<br \/>Pass\u00e9 ce d\u00e9lai, le praticien \u00e9teint cette derni\u00e8re pour qu&rsquo;elle ne risque pas de vous br\u00fbler lors de son application.<br \/>Le praticien va alors prodiguer des massages tonifiants et \u00e9galement doux et relaxant pour que votre corps puisse se d\u00e9tendre.<\/p>\t\t\t\t\t\t\t\t<\/div>\n\t\t\t\t\t<\/div>\n\t\t\t\t<\/div>\n\t\t<div class=\"elementor-element elementor-element-e1d5ee6 e-flex e-con-boxed e-con e-parent\" data-id=\"e1d5ee6\" data-element_type=\"container\">\n\t\t\t\t\t<div class=\"e-con-inner\">\n\t\t\t\t<div class=\"elementor-element elementor-element-883b723 elementor-widget elementor-widget-heading\" data-id=\"883b723\" data-element_type=\"widget\" data-widget_type=\"heading.default\">\n\t\t\t\t\t<h2 class=\"elementor-heading-title elementor-size-default\">R\u00e8gles de conduite<\/h2>\t\t\t\t<\/div>\n\t\t\t\t\t<\/div>\n\t\t\t\t<\/div>\n\t\t<div class=\"elementor-element elementor-element-a9dc4d0 e-flex e-con-boxed e-con e-parent\" data-id=\"a9dc4d0\" data-element_type=\"container\">\n\t\t\t\t\t<div class=\"e-con-inner\">\n\t\t\t\t<div class=\"elementor-element elementor-element-bf92a1d elementor-widget elementor-widget-text-editor\" data-id=\"bf92a1d\" data-element_type=\"widget\" data-widget_type=\"text-editor.default\">\n\t\t\t\t\t\t\t\t\t<p>Afin que ce moment d&rsquo;\u00e9vasion puisse \u00eatre v\u00e9cu dans des conditions optimales, merci de respecter ses quelques r\u00e8gles de conduite:<\/p><ul><li>Ponctualit\u00e9: bien arriver \u00e0 l&rsquo;heure du rendez-vous. Pour tout retard, je me r\u00e9serve le droit d&rsquo;\u00e9courter ou d&rsquo;annuler la s\u00e9ance afin de ne pas p\u00e9naliser le prochain client,<\/li><li>Respect: Par respect pour la masseuse ne cherchez pas \u00e0 caresser cette derni\u00e8re,<\/li><li>Hygi\u00e8ne primordiale: Douche \u00e0 votre disposition et pilosit\u00e9 entretenue svp,<\/li><li>T\u00e9l\u00e9phone pr\u00e9alablement \u00e9teint ou en mode avion,<\/li><li>Se rendre au rendez-vous avec la somme totale du tarif demand\u00e9 sans n\u00e9gociation possible,<\/li><li>La prestation est un massage et en aucun cas un service sexuel. Merci d&rsquo;en tenir compte.\u00a0<\/li><\/ul>\t\t\t\t\t\t\t\t<\/div>\n\t\t\t\t\t<\/div>\n\t\t\t\t<\/div>\n\t\t<div class=\"elementor-element elementor-element-d46f007 e-flex e-con-boxed e-con e-parent\" data-id=\"d46f007\" data-element_type=\"container\">\n\t\t\t\t\t<div class=\"e-con-inner\">\n\t\t\t\t<div class=\"elementor-element elementor-element-c332dd8 elementor-widget elementor-widget-text-editor\" data-id=\"c332dd8\" data-element_type=\"widget\" data-widget_type=\"text-editor.default\">\n\t\t\t\t\t\t\t\t\t<p><strong>JE ME RESERVE LE DROIT D&rsquo;ANNULER OU ECOURTER UN RENDEZ-VOUS, SI IL Y A UN MANQUEMENT A CES REGLES<\/strong><\/p>\t\t\t\t\t\t\t\t<\/div>\n\t\t\t\t\t<\/div>\n\t\t\t\t<\/div>\n\t\t<div class=\"elementor-element elementor-element-01cc542 e-flex e-con-boxed e-con e-parent\" data-id=\"01cc542\" data-element_type=\"container\">\n\t\t\t\t\t<div class=\"e-con-inner\">\n\t\t\t\t<div class=\"elementor-element elementor-element-5033eb4 elementor-mobile-align-center elementor-align-center elementor-invisible elementor-widget elementor-widget-button\" data-id=\"5033eb4\" data-element_type=\"widget\" data-settings=\"{&quot;_animation&quot;:&quot;zoomIn&quot;}\" data-widget_type=\"button.default\">\n\t\t\t\t\t\t\t\t\t\t<a class=\"elementor-button elementor-button-link elementor-size-sm elementor-animation-wobble-vertical\" href=\"https:\/\/wa.me\/+33789099719\">\n\t\t\t\t\t\t<span class=\"elementor-button-content-wrapper\">\n\t\t\t\t\t\t\t\t\t<span class=\"elementor-button-text\">Prise de rendez-vous<\/span>\n\t\t\t\t\t<\/span>\n\t\t\t\t\t<\/a>\n\t\t\t\t\t\t\t\t<\/div>\n\t\t\t\t\t<\/div>\n\t\t\t\t<\/div>\n\t\t\t\t<\/div>\n\t\t","protected":false},"excerpt":{"rendered":"<p>Le massage \u00e0 la bougie Le massage \u00e0 la bougie est connu pour \u00eatre un massage relaxant qui doit \u00eatre pratiqu\u00e9 par un professionnel. Ce massage permet, en plus de vous relaxer, d&rsquo;apaiser des parties du corps assez douloureuse. Il est surtout tr\u00e8s connu pour nourrir la peau.Le massage est un massage dynamisant et tonifiant [&hellip;]<\/p>\n","protected":false},"author":1,"featured_media":0,"parent":0,"menu_order":0,"comment_status":"closed","ping_status":"closed","template":"elementor_header_footer","meta":{"iawp_total_views":80,"footnotes":""},"class_list":["post-447","page","type-page","status-publish","hentry"],"_links":{"self":[{"href":"https:\/\/massageme.fr\/index.php\/wp-json\/wp\/v2\/pages\/447","targetHints":{"allow":["GET"]}}],"collection":[{"href":"https:\/\/massageme.fr\/index.php\/wp-json\/wp\/v2\/pages"}],"about":[{"href":"https:\/\/massageme.fr\/index.php\/wp-json\/wp\/v2\/types\/page"}],"author":[{"embeddable":true,"href":"https:\/\/massageme.fr\/index.php\/wp-json\/wp\/v2\/users\/1"}],"replies":[{"embeddable":true,"href":"https:\/\/massageme.fr\/index.php\/wp-json\/wp\/v2\/comments?post=447"}],"version-history":[{"count":13,"href":"https:\/\/massageme.fr\/index.php\/wp-json\/wp\/v2\/pages\/447\/revisions"}],"predecessor-version":[{"id":957,"href":"https:\/\/massageme.fr\/index.php\/wp-json\/wp\/v2\/pages\/447\/revisions\/957"}],"wp:attachment":[{"href":"https:\/\/massageme.fr\/index.php\/wp-json\/wp\/v2\/media?parent=447"}],"curies":[{"name":"wp","href":"https:\/\/api.w.org\/{rel}","templated":true}]}}