{"id":465,"date":"2025-12-13T14:35:13","date_gmt":"2025-12-13T14:35:13","guid":{"rendered":"https:\/\/massageme.fr\/?page_id=465"},"modified":"2025-12-13T14:42:44","modified_gmt":"2025-12-13T14:42:44","slug":"massage-naturiste","status":"publish","type":"page","link":"https:\/\/massageme.fr\/index.php\/massage-naturiste\/","title":{"rendered":"Massage naturiste"},"content":{"rendered":"\t\t<div data-elementor-type=\"wp-page\" data-elementor-id=\"465\" class=\"elementor elementor-465\">\n\t\t\t\t<div class=\"elementor-element elementor-element-5429389 e-flex e-con-boxed e-con e-parent\" data-id=\"5429389\" data-element_type=\"container\">\n\t\t\t\t\t<div class=\"e-con-inner\">\n\t\t\t\t<div class=\"elementor-element elementor-element-a56a392 elementor-widget elementor-widget-heading\" data-id=\"a56a392\" data-element_type=\"widget\" data-widget_type=\"heading.default\">\n\t\t\t\t\t<h2 class=\"elementor-heading-title elementor-size-default\">Le massage naturiste<\/h2>\t\t\t\t<\/div>\n\t\t\t\t\t<\/div>\n\t\t\t\t<\/div>\n\t\t<div class=\"elementor-element elementor-element-57a2f54 e-flex e-con-boxed e-con e-parent\" data-id=\"57a2f54\" data-element_type=\"container\">\n\t\t\t\t\t<div class=\"e-con-inner\">\n\t\t\t\t<div class=\"elementor-element elementor-element-bd334a9 elementor-widget elementor-widget-image\" data-id=\"bd334a9\" data-element_type=\"widget\" data-widget_type=\"image.default\">\n\t\t\t\t\t\t\t\t\t\t\t\t\t\t\t<img fetchpriority=\"high\" decoding=\"async\" width=\"700\" height=\"500\" src=\"https:\/\/massageme.fr\/wp-content\/uploads\/2025\/12\/natu.webp\" class=\"attachment-large size-large wp-image-178\" alt=\"\" srcset=\"https:\/\/massageme.fr\/wp-content\/uploads\/2025\/12\/natu.webp 700w, https:\/\/massageme.fr\/wp-content\/uploads\/2025\/12\/natu-300x214.webp 300w\" sizes=\"(max-width: 700px) 100vw, 700px\" \/>\t\t\t\t\t\t\t\t\t\t\t\t\t\t\t<\/div>\n\t\t\t\t\t<\/div>\n\t\t\t\t<\/div>\n\t\t<div class=\"elementor-element elementor-element-6ce9636 e-flex e-con-boxed e-con e-parent\" data-id=\"6ce9636\" data-element_type=\"container\">\n\t\t\t\t\t<div class=\"e-con-inner\">\n\t\t\t\t<div class=\"elementor-element elementor-element-8a690d5 elementor-widget elementor-widget-text-editor\" data-id=\"8a690d5\" data-element_type=\"widget\" data-widget_type=\"text-editor.default\">\n\t\t\t\t\t\t\t\t\t<p>Tous les massages propos\u00e9s peuvent se faire de fa\u00e7on naturiste, c&rsquo;est \u00e0 dire, vous \u00eates nu et je masse en string.<\/p><p><strong>Je pr\u00e9cise qu&rsquo;il n&rsquo;y a AUCUNE connotation sexuelle.\u00a0<\/strong><\/p>\t\t\t\t\t\t\t\t<\/div>\n\t\t\t\t\t<\/div>\n\t\t\t\t<\/div>\n\t\t<div class=\"elementor-element elementor-element-caec2e5 e-flex e-con-boxed e-con e-parent\" data-id=\"caec2e5\" data-element_type=\"container\">\n\t\t\t\t\t<div class=\"e-con-inner\">\n\t\t\t\t<div class=\"elementor-element elementor-element-f08afb4 elementor-widget elementor-widget-heading\" data-id=\"f08afb4\" data-element_type=\"widget\" data-widget_type=\"heading.default\">\n\t\t\t\t\t<h2 class=\"elementor-heading-title elementor-size-default\">R\u00e8gles de conduite<\/h2>\t\t\t\t<\/div>\n\t\t\t\t\t<\/div>\n\t\t\t\t<\/div>\n\t\t<div class=\"elementor-element elementor-element-6abd0a0 e-flex e-con-boxed e-con e-parent\" data-id=\"6abd0a0\" data-element_type=\"container\">\n\t\t\t\t\t<div class=\"e-con-inner\">\n\t\t\t\t<div class=\"elementor-element elementor-element-94f0a4c elementor-widget elementor-widget-text-editor\" data-id=\"94f0a4c\" data-element_type=\"widget\" data-widget_type=\"text-editor.default\">\n\t\t\t\t\t\t\t\t\t<p>Afin que ce moment d&rsquo;\u00e9vasion puisse \u00eatre v\u00e9cu dans des conditions optimales, merci de respecter ses quelques r\u00e8gles de conduite:<\/p><ul><li>Ponctualit\u00e9: bien arriver \u00e0 l&rsquo;heure du rendez-vous. Pour tout retard, je me r\u00e9serve le droit d&rsquo;\u00e9courter ou d&rsquo;annuler la s\u00e9ance afin de ne pas p\u00e9naliser le prochain client,<\/li><li>Respect: Par respect pour la masseuse ne cherchez pas \u00e0 caresser cette derni\u00e8re,<\/li><li>Hygi\u00e8ne primordiale: Douche \u00e0 votre disposition et pilosit\u00e9 entretenue svp,<\/li><li>T\u00e9l\u00e9phone pr\u00e9alablement \u00e9teint ou en mode avion,<\/li><li>Se rendre au rendez-vous avec la somme totale du tarif demand\u00e9 sans n\u00e9gociation possible,<\/li><li>La prestation est un massage et en aucun cas un service sexuel. Merci d&rsquo;en tenir compte.\u00a0<\/li><\/ul>\t\t\t\t\t\t\t\t<\/div>\n\t\t\t\t\t<\/div>\n\t\t\t\t<\/div>\n\t\t<div class=\"elementor-element elementor-element-9eb5552 e-flex e-con-boxed e-con e-parent\" data-id=\"9eb5552\" data-element_type=\"container\">\n\t\t\t\t\t<div class=\"e-con-inner\">\n\t\t\t\t<div class=\"elementor-element elementor-element-231af47 elementor-widget elementor-widget-text-editor\" data-id=\"231af47\" data-element_type=\"widget\" data-widget_type=\"text-editor.default\">\n\t\t\t\t\t\t\t\t\t<p><strong>JE ME RESERVE LE DROIT D&rsquo;ANNULER OU ECOURTER UN RENDEZ-VOUS, SI IL Y A UN MANQUEMENT A CES REGLES<\/strong><\/p>\t\t\t\t\t\t\t\t<\/div>\n\t\t\t\t\t<\/div>\n\t\t\t\t<\/div>\n\t\t<div class=\"elementor-element elementor-element-3324452 e-flex e-con-boxed e-con e-parent\" data-id=\"3324452\" data-element_type=\"container\">\n\t\t\t\t\t<div class=\"e-con-inner\">\n\t\t\t\t<div class=\"elementor-element elementor-element-9ce8f3e elementor-mobile-align-center elementor-align-center elementor-invisible elementor-widget elementor-widget-button\" data-id=\"9ce8f3e\" data-element_type=\"widget\" data-settings=\"{&quot;_animation&quot;:&quot;zoomIn&quot;}\" data-widget_type=\"button.default\">\n\t\t\t\t\t\t\t\t\t\t<a class=\"elementor-button elementor-button-link elementor-size-sm elementor-animation-wobble-vertical\" href=\"https:\/\/wa.me\/+33789099719\">\n\t\t\t\t\t\t<span class=\"elementor-button-content-wrapper\">\n\t\t\t\t\t\t\t\t\t<span class=\"elementor-button-text\">Prise de rendez-vous<\/span>\n\t\t\t\t\t<\/span>\n\t\t\t\t\t<\/a>\n\t\t\t\t\t\t\t\t<\/div>\n\t\t\t\t\t<\/div>\n\t\t\t\t<\/div>\n\t\t\t\t<\/div>\n\t\t","protected":false},"excerpt":{"rendered":"<p>Le massage naturiste Tous les massages propos\u00e9s peuvent se faire de fa\u00e7on naturiste, c&rsquo;est \u00e0 dire, vous \u00eates nu et je masse en string. Je pr\u00e9cise qu&rsquo;il n&rsquo;y a AUCUNE connotation sexuelle.\u00a0 R\u00e8gles de conduite Afin que ce moment d&rsquo;\u00e9vasion puisse \u00eatre v\u00e9cu dans des conditions optimales, merci de respecter ses quelques r\u00e8gles de conduite: [&hellip;]<\/p>\n","protected":false},"author":1,"featured_media":0,"parent":0,"menu_order":0,"comment_status":"closed","ping_status":"closed","template":"elementor_header_footer","meta":{"iawp_total_views":711,"footnotes":""},"class_list":["post-465","page","type-page","status-publish","hentry"],"_links":{"self":[{"href":"https:\/\/massageme.fr\/index.php\/wp-json\/wp\/v2\/pages\/465","targetHints":{"allow":["GET"]}}],"collection":[{"href":"https:\/\/massageme.fr\/index.php\/wp-json\/wp\/v2\/pages"}],"about":[{"href":"https:\/\/massageme.fr\/index.php\/wp-json\/wp\/v2\/types\/page"}],"author":[{"embeddable":true,"href":"https:\/\/massageme.fr\/index.php\/wp-json\/wp\/v2\/users\/1"}],"replies":[{"embeddable":true,"href":"https:\/\/massageme.fr\/index.php\/wp-json\/wp\/v2\/comments?post=465"}],"version-history":[{"count":4,"href":"https:\/\/massageme.fr\/index.php\/wp-json\/wp\/v2\/pages\/465\/revisions"}],"predecessor-version":[{"id":469,"href":"https:\/\/massageme.fr\/index.php\/wp-json\/wp\/v2\/pages\/465\/revisions\/469"}],"wp:attachment":[{"href":"https:\/\/massageme.fr\/index.php\/wp-json\/wp\/v2\/media?parent=465"}],"curies":[{"name":"wp","href":"https:\/\/api.w.org\/{rel}","templated":true}]}}