{"id":497,"date":"2025-12-13T16:18:31","date_gmt":"2025-12-13T16:18:31","guid":{"rendered":"https:\/\/massageme.fr\/?page_id=497"},"modified":"2026-02-14T11:06:24","modified_gmt":"2026-02-14T11:06:24","slug":"papouille-therapie","status":"publish","type":"page","link":"https:\/\/massageme.fr\/index.php\/papouille-therapie\/","title":{"rendered":"Papouilles tantriques H\/F"},"content":{"rendered":"\t\t<div data-elementor-type=\"wp-page\" data-elementor-id=\"497\" class=\"elementor elementor-497\">\n\t\t\t\t<div class=\"elementor-element elementor-element-94be0cb e-flex e-con-boxed e-con e-parent\" data-id=\"94be0cb\" data-element_type=\"container\">\n\t\t\t\t\t<div class=\"e-con-inner\">\n\t\t\t\t<div class=\"elementor-element elementor-element-8e3da23 elementor-widget elementor-widget-heading\" data-id=\"8e3da23\" data-element_type=\"widget\" data-widget_type=\"heading.default\">\n\t\t\t\t\t<h2 class=\"elementor-heading-title elementor-size-default\">Papouilles tantriques<\/h2>\t\t\t\t<\/div>\n\t\t\t\t\t<\/div>\n\t\t\t\t<\/div>\n\t\t<div class=\"elementor-element elementor-element-2444c47 e-flex e-con-boxed e-con e-parent\" data-id=\"2444c47\" data-element_type=\"container\">\n\t\t\t\t\t<div class=\"e-con-inner\">\n\t\t\t\t<div class=\"elementor-element elementor-element-c9b8ecc elementor-widget elementor-widget-image\" data-id=\"c9b8ecc\" data-element_type=\"widget\" data-widget_type=\"image.default\">\n\t\t\t\t\t\t\t\t\t\t\t\t\t\t\t<img fetchpriority=\"high\" decoding=\"async\" width=\"1024\" height=\"1024\" src=\"https:\/\/massageme.fr\/wp-content\/uploads\/2025\/12\/yesforlov_lifestyle_plume_caresses_1-1024x1024.webp\" class=\"attachment-large size-large wp-image-443\" alt=\"\" srcset=\"https:\/\/massageme.fr\/wp-content\/uploads\/2025\/12\/yesforlov_lifestyle_plume_caresses_1-1024x1024.webp 1024w, https:\/\/massageme.fr\/wp-content\/uploads\/2025\/12\/yesforlov_lifestyle_plume_caresses_1-300x300.webp 300w, https:\/\/massageme.fr\/wp-content\/uploads\/2025\/12\/yesforlov_lifestyle_plume_caresses_1-150x150.webp 150w, https:\/\/massageme.fr\/wp-content\/uploads\/2025\/12\/yesforlov_lifestyle_plume_caresses_1-768x768.webp 768w, https:\/\/massageme.fr\/wp-content\/uploads\/2025\/12\/yesforlov_lifestyle_plume_caresses_1-1536x1536.webp 1536w, https:\/\/massageme.fr\/wp-content\/uploads\/2025\/12\/yesforlov_lifestyle_plume_caresses_1-2048x2048.webp 2048w\" sizes=\"(max-width: 1024px) 100vw, 1024px\" \/>\t\t\t\t\t\t\t\t\t\t\t\t\t\t\t<\/div>\n\t\t\t\t\t<\/div>\n\t\t\t\t<\/div>\n\t\t<div class=\"elementor-element elementor-element-25b4c0a e-flex e-con-boxed e-con e-parent\" data-id=\"25b4c0a\" data-element_type=\"container\">\n\t\t\t\t\t<div class=\"e-con-inner\">\n\t\t\t\t<div class=\"elementor-element elementor-element-29821e4 elementor-widget elementor-widget-heading\" data-id=\"29821e4\" data-element_type=\"widget\" data-widget_type=\"heading.default\">\n\t\t\t\t\t<h2 class=\"elementor-heading-title elementor-size-default\">Introduction<\/h2>\t\t\t\t<\/div>\n\t\t\t\t\t<\/div>\n\t\t\t\t<\/div>\n\t\t<div class=\"elementor-element elementor-element-9c9fbd2 e-flex e-con-boxed e-con e-parent\" data-id=\"9c9fbd2\" data-element_type=\"container\">\n\t\t\t\t\t<div class=\"e-con-inner\">\n\t\t\t\t<div class=\"elementor-element elementor-element-2ab0fd3 elementor-widget elementor-widget-text-editor\" data-id=\"2ab0fd3\" data-element_type=\"widget\" data-widget_type=\"text-editor.default\">\n\t\t\t\t\t\t\t\t\t<p>Les papouilles tantriques sont une invitation \u00e0 ralentir, \u00e0 ressentir, \u00e0 frissonner.<br \/>Par des mouvements infiniment lents et d\u00e9licats, r\u00e9alis\u00e9s du bout des doigts, elles viennent effleurer la peau sans jamais la presser, laissant le corps s\u2019abandonner pleinement.<\/p><p>C&rsquo;est une exp\u00e9rience tr\u00e8s peu connue en France de relaxation profonde bas\u00e9e sur des mouvements extr\u00eamement lents, l\u00e9gers et d\u00e9licats.<\/p><p>Chaque geste est pens\u00e9 pour inviter le corps et l&rsquo;esprit \u00e0 l\u00e2cher prise, sans pression ni manipulation musculaire.<\/p>\t\t\t\t\t\t\t\t<\/div>\n\t\t\t\t\t<\/div>\n\t\t\t\t<\/div>\n\t\t<div class=\"elementor-element elementor-element-1483654 e-flex e-con-boxed e-con e-parent\" data-id=\"1483654\" data-element_type=\"container\">\n\t\t\t\t\t<div class=\"e-con-inner\">\n\t\t\t\t<div class=\"elementor-element elementor-element-113cb6b elementor-widget elementor-widget-heading\" data-id=\"113cb6b\" data-element_type=\"widget\" data-widget_type=\"heading.default\">\n\t\t\t\t\t<h2 class=\"elementor-heading-title elementor-size-default\">Le d\u00e9roulement d'une s\u00e9ance de papouilles tantriques<\/h2>\t\t\t\t<\/div>\n\t\t\t\t\t<\/div>\n\t\t\t\t<\/div>\n\t\t<div class=\"elementor-element elementor-element-94fcb7b e-flex e-con-boxed e-con e-parent\" data-id=\"94fcb7b\" data-element_type=\"container\">\n\t\t\t\t\t<div class=\"e-con-inner\">\n\t\t\t\t<div class=\"elementor-element elementor-element-ba8af47 elementor-widget elementor-widget-text-editor\" data-id=\"ba8af47\" data-element_type=\"widget\" data-widget_type=\"text-editor.default\">\n\t\t\t\t\t\t\t\t\t<p>La s\u00e9ance d\u00e9bute souvent au niveau du cuir chevelu, l\u00e0 o\u00f9 naissent les premiers frissons, avant de se d\u00e9ployer progressivement sur l\u2019ensemble du corps. Chaque effleurement, presque imperceptible, r\u00e9veille les sensations, apaise le mental et provoque ces doux frissons qui parcourent la peau et invitent au l\u00e2cher-prise.<\/p>\t\t\t\t\t\t\t\t<\/div>\n\t\t\t\t\t<\/div>\n\t\t\t\t<\/div>\n\t\t<div class=\"elementor-element elementor-element-a46b063 e-flex e-con-boxed e-con e-parent\" data-id=\"a46b063\" data-element_type=\"container\">\n\t\t\t\t\t<div class=\"e-con-inner\">\n\t\t\t\t<div class=\"elementor-element elementor-element-5a9bf65 elementor-widget elementor-widget-heading\" data-id=\"5a9bf65\" data-element_type=\"widget\" data-widget_type=\"heading.default\">\n\t\t\t\t\t<h2 class=\"elementor-heading-title elementor-size-default\">Mat\u00e9riel utilis\u00e9 pour la s\u00e9ance<\/h2>\t\t\t\t<\/div>\n\t\t\t\t\t<\/div>\n\t\t\t\t<\/div>\n\t\t<div class=\"elementor-element elementor-element-4328ff9 e-flex e-con-boxed e-con e-parent\" data-id=\"4328ff9\" data-element_type=\"container\">\n\t\t\t\t\t<div class=\"e-con-inner\">\n\t\t\t\t<div class=\"elementor-element elementor-element-e6861df elementor-widget elementor-widget-text-editor\" data-id=\"e6861df\" data-element_type=\"widget\" data-widget_type=\"text-editor.default\">\n\t\t\t\t\t\t\t\t\t<p>Diff\u00e9rents instruments sp\u00e9cialement con\u00e7us pour la papouille-tantrique sont utilis\u00e9s: plumes, plumeau, bague-griffe, pinceaux, masseur de cuir chevelu, griffes, r\u00e2teaux, roulette, franges, bandeaux, peignes et autres instruments sensoriels. Ils glissent, fr\u00f4lent, caressent, cr\u00e9ant une palette de sensations subtiles qui \u00e9veillent la peau et plongent l&rsquo;esprit dans un \u00e9tat de profonde d\u00e9tente, proche de la m\u00e9ditation.<\/p>\t\t\t\t\t\t\t\t<\/div>\n\t\t\t\t\t<\/div>\n\t\t\t\t<\/div>\n\t\t<div class=\"elementor-element elementor-element-c8e4e19 e-flex e-con-boxed e-con e-parent\" data-id=\"c8e4e19\" data-element_type=\"container\">\n\t\t\t\t\t<div class=\"e-con-inner\">\n\t\t\t\t<div class=\"elementor-element elementor-element-434421d elementor-widget elementor-widget-heading\" data-id=\"434421d\" data-element_type=\"widget\" data-widget_type=\"heading.default\">\n\t\t\t\t\t<h2 class=\"elementor-heading-title elementor-size-default\">Les bienfaits des papouilles tantriques<\/h2>\t\t\t\t<\/div>\n\t\t\t\t\t<\/div>\n\t\t\t\t<\/div>\n\t\t<div class=\"elementor-element elementor-element-a962611 e-flex e-con-boxed e-con e-parent\" data-id=\"a962611\" data-element_type=\"container\">\n\t\t\t\t\t<div class=\"e-con-inner\">\n\t\t\t\t<div class=\"elementor-element elementor-element-e308021 elementor-widget elementor-widget-text-editor\" data-id=\"e308021\" data-element_type=\"widget\" data-widget_type=\"text-editor.default\">\n\t\t\t\t\t\t\t\t\t<p>Les papouilles tantriques ne sont pas un massage au sens traditionnel. C\u2019est une exp\u00e9rience sensorielle, enveloppante et rassurante, pens\u00e9e pour apaiser, provoquer des frissons, reconnecter au corps et offrir un moment hors du temps, dans une bulle de douceur et de bienveillance.<\/p><p>Elles s&rsquo;adressent \u00e0 toute personne en qu\u00eate de relaxation, de reconnexion et de l\u00e2ch\u00e9 prise total dans un cadre bienveillant et respectueux.<\/p><p>Qui n&rsquo;a jamais r\u00eav\u00e9 de se faire papouiller pendant un long moment&#8230;<\/p>\t\t\t\t\t\t\t\t<\/div>\n\t\t\t\t\t<\/div>\n\t\t\t\t<\/div>\n\t\t<div class=\"elementor-element elementor-element-f3ebc3d e-flex e-con-boxed e-con e-parent\" data-id=\"f3ebc3d\" data-element_type=\"container\">\n\t\t\t\t\t<div class=\"e-con-inner\">\n\t\t\t\t<div class=\"elementor-element elementor-element-ee37f0c elementor-widget elementor-widget-heading\" data-id=\"ee37f0c\" data-element_type=\"widget\" data-widget_type=\"heading.default\">\n\t\t\t\t\t<h2 class=\"elementor-heading-title elementor-size-default\">R\u00e8gles de conduite<\/h2>\t\t\t\t<\/div>\n\t\t\t\t\t<\/div>\n\t\t\t\t<\/div>\n\t\t<div class=\"elementor-element elementor-element-77409bc e-flex e-con-boxed e-con e-parent\" data-id=\"77409bc\" data-element_type=\"container\">\n\t\t\t\t\t<div class=\"e-con-inner\">\n\t\t\t\t<div class=\"elementor-element elementor-element-934cd53 elementor-widget elementor-widget-text-editor\" data-id=\"934cd53\" data-element_type=\"widget\" data-widget_type=\"text-editor.default\">\n\t\t\t\t\t\t\t\t\t<p>Afin que ce moment d&rsquo;\u00e9vasion puisse \u00eatre v\u00e9cu dans des conditions optimales, merci de respecter ses quelques r\u00e8gles de conduite:<\/p><ul><li>Ponctualit\u00e9: bien arriver \u00e0 l&rsquo;heure du rendez-vous. Pour tout retard, je me r\u00e9serve le droit d&rsquo;\u00e9courter ou d&rsquo;annuler la s\u00e9ance afin de ne pas p\u00e9naliser le prochain client,<\/li><li>Respect: Par respect pour la masseuse ne cherchez pas \u00e0 caresser cette derni\u00e8re,<\/li><li>Hygi\u00e8ne primordiale: Douche \u00e0 votre disposition et pilosit\u00e9 entretenue svp,<\/li><li>T\u00e9l\u00e9phone pr\u00e9alablement \u00e9teint ou en mode avion,<\/li><li>Se rendre au rendez-vous avec la somme totale du tarif demand\u00e9 sans n\u00e9gociation possible,<\/li><li>La prestation est en aucun cas un service sexuel. Merci d&rsquo;en tenir compte.\u00a0<\/li><\/ul>\t\t\t\t\t\t\t\t<\/div>\n\t\t\t\t\t<\/div>\n\t\t\t\t<\/div>\n\t\t<div class=\"elementor-element elementor-element-2681979 e-flex e-con-boxed e-con e-parent\" data-id=\"2681979\" data-element_type=\"container\">\n\t\t\t\t\t<div class=\"e-con-inner\">\n\t\t\t\t<div class=\"elementor-element elementor-element-47f0d45 elementor-widget elementor-widget-text-editor\" data-id=\"47f0d45\" data-element_type=\"widget\" data-widget_type=\"text-editor.default\">\n\t\t\t\t\t\t\t\t\t<p><strong>JE ME RESERVE LE DROIT D&rsquo;ANNULER OU ECOURTER UN RENDEZ-VOUS, SI IL Y A UN MANQUEMENT A CES REGLES<\/strong><\/p>\t\t\t\t\t\t\t\t<\/div>\n\t\t\t\t\t<\/div>\n\t\t\t\t<\/div>\n\t\t<div class=\"elementor-element elementor-element-3646b47 e-flex e-con-boxed e-con e-parent\" data-id=\"3646b47\" data-element_type=\"container\">\n\t\t\t\t\t<div class=\"e-con-inner\">\n\t\t\t\t<div class=\"elementor-element elementor-element-35958a0 elementor-mobile-align-center elementor-align-center elementor-invisible elementor-widget elementor-widget-button\" data-id=\"35958a0\" data-element_type=\"widget\" data-settings=\"{&quot;_animation&quot;:&quot;zoomIn&quot;}\" data-widget_type=\"button.default\">\n\t\t\t\t\t\t\t\t\t\t<a class=\"elementor-button elementor-button-link elementor-size-sm elementor-animation-wobble-vertical\" href=\"https:\/\/wa.me\/+33789099719\">\n\t\t\t\t\t\t<span class=\"elementor-button-content-wrapper\">\n\t\t\t\t\t\t\t\t\t<span class=\"elementor-button-text\">Prise de rendez-vous<\/span>\n\t\t\t\t\t<\/span>\n\t\t\t\t\t<\/a>\n\t\t\t\t\t\t\t\t<\/div>\n\t\t\t\t\t<\/div>\n\t\t\t\t<\/div>\n\t\t\t\t<\/div>\n\t\t","protected":false},"excerpt":{"rendered":"<p>Papouilles tantriques Introduction Les papouilles tantriques sont une invitation \u00e0 ralentir, \u00e0 ressentir, \u00e0 frissonner.Par des mouvements infiniment lents et d\u00e9licats, r\u00e9alis\u00e9s du bout des doigts, elles viennent effleurer la peau sans jamais la presser, laissant le corps s\u2019abandonner pleinement. C&rsquo;est une exp\u00e9rience tr\u00e8s peu connue en France de relaxation profonde bas\u00e9e sur des mouvements [&hellip;]<\/p>\n","protected":false},"author":1,"featured_media":0,"parent":0,"menu_order":0,"comment_status":"closed","ping_status":"closed","template":"elementor_header_footer","meta":{"iawp_total_views":570,"footnotes":""},"class_list":["post-497","page","type-page","status-publish","hentry"],"_links":{"self":[{"href":"https:\/\/massageme.fr\/index.php\/wp-json\/wp\/v2\/pages\/497","targetHints":{"allow":["GET"]}}],"collection":[{"href":"https:\/\/massageme.fr\/index.php\/wp-json\/wp\/v2\/pages"}],"about":[{"href":"https:\/\/massageme.fr\/index.php\/wp-json\/wp\/v2\/types\/page"}],"author":[{"embeddable":true,"href":"https:\/\/massageme.fr\/index.php\/wp-json\/wp\/v2\/users\/1"}],"replies":[{"embeddable":true,"href":"https:\/\/massageme.fr\/index.php\/wp-json\/wp\/v2\/comments?post=497"}],"version-history":[{"count":30,"href":"https:\/\/massageme.fr\/index.php\/wp-json\/wp\/v2\/pages\/497\/revisions"}],"predecessor-version":[{"id":945,"href":"https:\/\/massageme.fr\/index.php\/wp-json\/wp\/v2\/pages\/497\/revisions\/945"}],"wp:attachment":[{"href":"https:\/\/massageme.fr\/index.php\/wp-json\/wp\/v2\/media?parent=497"}],"curies":[{"name":"wp","href":"https:\/\/api.w.org\/{rel}","templated":true}]}}