{"id":698,"date":"2025-12-20T08:51:07","date_gmt":"2025-12-20T08:51:07","guid":{"rendered":"https:\/\/massageme.fr\/?page_id=698"},"modified":"2025-12-20T11:35:58","modified_gmt":"2025-12-20T11:35:58","slug":"mentions-legales","status":"publish","type":"page","link":"https:\/\/massageme.fr\/index.php\/mentions-legales\/","title":{"rendered":"Mentions l\u00e9gales"},"content":{"rendered":"\t\t<div data-elementor-type=\"wp-page\" data-elementor-id=\"698\" class=\"elementor elementor-698\">\n\t\t\t\t<div class=\"elementor-element elementor-element-098ed2c e-flex e-con-boxed e-con e-parent\" data-id=\"098ed2c\" data-element_type=\"container\">\n\t\t\t\t\t<div class=\"e-con-inner\">\n\t\t\t\t<div class=\"elementor-element elementor-element-08a91b5 elementor-widget elementor-widget-heading\" data-id=\"08a91b5\" data-element_type=\"widget\" data-widget_type=\"heading.default\">\n\t\t\t\t\t<h2 class=\"elementor-heading-title elementor-size-default\">Mentions legales<\/h2>\t\t\t\t<\/div>\n\t\t\t\t\t<\/div>\n\t\t\t\t<\/div>\n\t\t<div class=\"elementor-element elementor-element-6b8c60d e-flex e-con-boxed e-con e-parent\" data-id=\"6b8c60d\" data-element_type=\"container\">\n\t\t\t\t\t<div class=\"e-con-inner\">\n\t\t\t\t<div class=\"elementor-element elementor-element-1762dce elementor-widget elementor-widget-text-editor\" data-id=\"1762dce\" data-element_type=\"widget\" data-widget_type=\"text-editor.default\">\n\t\t\t\t\t\t\t\t\t<p dir=\"ltr\">Conform\u00e9ment aux dispositions de la loi n\u00b0 2004-575 du 21 juin 2004 pour la confiance en l&rsquo;\u00e9conomie num\u00e9rique, il est pr\u00e9cis\u00e9 aux utilisateurs du site massageme.fr l&rsquo;identit\u00e9 des diff\u00e9rents intervenants dans le cadre de sa r\u00e9alisation et de son suivi.<\/p><h2>\u00a0<\/h2><p dir=\"ltr\"><strong>Edition du site\u00a0<\/strong><\/p><h2>\u00a0<\/h2><p dir=\"ltr\">Le pr\u00e9sent site, accessible \u00e0 l\u2019URL massageme.fr (le \u00ab Site \u00bb), est \u00e9dit\u00e9 par :<\/p><h2>\u00a0<\/h2><p dir=\"ltr\">Emeline LOVARCO, de nationalit\u00e9 Fran\u00e7aise (France),\u00a0 inscrite au R.C.S. de NARBONNE sous le num\u00e9ro RCS Narbonne 91356988500019,<\/p><p dir=\"ltr\"><strong>H\u00e9bergement<\/strong><\/p><p dir=\"ltr\">Le Site est h\u00e9berg\u00e9 par la soci\u00e9t\u00e9 OVH SAS, situ\u00e9 2 rue Kellermann &#8211; BP 80157 &#8211; 59053 Roubaix Cedex 1, (contact t\u00e9l\u00e9phonique ou email : 1007).<\/p><h2>\u00a0<\/h2><p dir=\"ltr\"><strong>Directeur de publication\u00a0<\/strong><\/p><p dir=\"ltr\">Le Directeur de la publication du Site est Emeline LOVARCO.<\/p><h2>\u00a0<\/h2><p dir=\"ltr\"><strong>Nous contacter\u00a0<\/strong><\/p><p dir=\"ltr\">Par t\u00e9l\u00e9phone : +33789099719<\/p><p dir=\"ltr\">Par email : schollaert.emeline87@aol.com<\/p><h2>\u00a0<\/h2><p dir=\"ltr\"><strong>Donn\u00e9es personnelles<\/strong><\/p><h2>\u00a0<\/h2><p dir=\"ltr\">Le traitement de vos donn\u00e9es \u00e0 caract\u00e8re personnel est r\u00e9gi par notre Charte du respect de la vie priv\u00e9e, disponible depuis la section \u00ab\u00a0Charte de Protection des Donn\u00e9es Personnelles\u00a0\u00bb, conform\u00e9ment au R\u00e8glement G\u00e9n\u00e9ral sur la Protection des Donn\u00e9es 2016\/679 du 27 avril 2016 (\u00abRGPD\u00bb).<\/p>\t\t\t\t\t\t\t\t<\/div>\n\t\t\t\t\t<\/div>\n\t\t\t\t<\/div>\n\t\t\t\t<\/div>\n\t\t","protected":false},"excerpt":{"rendered":"<p>Mentions legales Conform\u00e9ment aux dispositions de la loi n\u00b0 2004-575 du 21 juin 2004 pour la confiance en l&rsquo;\u00e9conomie num\u00e9rique, il est pr\u00e9cis\u00e9 aux utilisateurs du site massageme.fr l&rsquo;identit\u00e9 des diff\u00e9rents intervenants dans le cadre de sa r\u00e9alisation et de son suivi. \u00a0 Edition du site\u00a0 \u00a0 Le pr\u00e9sent site, accessible \u00e0 l\u2019URL massageme.fr (le [&hellip;]<\/p>\n","protected":false},"author":1,"featured_media":0,"parent":0,"menu_order":0,"comment_status":"closed","ping_status":"closed","template":"elementor_header_footer","meta":{"iawp_total_views":18,"footnotes":""},"class_list":["post-698","page","type-page","status-publish","hentry"],"_links":{"self":[{"href":"https:\/\/massageme.fr\/index.php\/wp-json\/wp\/v2\/pages\/698","targetHints":{"allow":["GET"]}}],"collection":[{"href":"https:\/\/massageme.fr\/index.php\/wp-json\/wp\/v2\/pages"}],"about":[{"href":"https:\/\/massageme.fr\/index.php\/wp-json\/wp\/v2\/types\/page"}],"author":[{"embeddable":true,"href":"https:\/\/massageme.fr\/index.php\/wp-json\/wp\/v2\/users\/1"}],"replies":[{"embeddable":true,"href":"https:\/\/massageme.fr\/index.php\/wp-json\/wp\/v2\/comments?post=698"}],"version-history":[{"count":13,"href":"https:\/\/massageme.fr\/index.php\/wp-json\/wp\/v2\/pages\/698\/revisions"}],"predecessor-version":[{"id":766,"href":"https:\/\/massageme.fr\/index.php\/wp-json\/wp\/v2\/pages\/698\/revisions\/766"}],"wp:attachment":[{"href":"https:\/\/massageme.fr\/index.php\/wp-json\/wp\/v2\/media?parent=698"}],"curies":[{"name":"wp","href":"https:\/\/api.w.org\/{rel}","templated":true}]}}